{"id":2235,"date":"2022-06-01T10:46:48","date_gmt":"2022-06-01T10:46:48","guid":{"rendered":"https:\/\/www.metalgennari.it\/?page_id=2235"},"modified":"2022-06-01T10:49:37","modified_gmt":"2022-06-01T10:49:37","slug":"revision-et-reparation","status":"publish","type":"page","link":"https:\/\/www.metalgennari.it\/fr\/revision-et-reparation\/","title":{"rendered":"R\u00e9vision et R\u00e9paration"},"content":{"rendered":"\n\t<section class=\"section\" id=\"section_2088283579\">\n\t\t<div class=\"bg section-bg fill bg-fill  \" >\n\n\t\t\t\n\t\t\t\n\t\t\t\n\n\t\t<\/div>\n\n\t\t<div class=\"section-content relative\">\n\t\t\t\n\n<div class=\"row align-bottom align-center\"  id=\"row-1871536618\">\n\n\n\t<div id=\"col-2074274595\" class=\"col small-12 large-12\"  >\n\t\t\t\t<div class=\"col-inner text-center\"  >\n\t\t\t\n\t\t\t\n\n\t<div id=\"text-2076629565\" class=\"text fs-42\">\n\t\t\n\n<h1>R\u00e9vision et R\u00e9paration<\/h1>\n\t\t\n<style>\n#text-2076629565 {\n  text-align: center;\n  color: rgb(253, 253, 253);\n}\n#text-2076629565 > * {\n  color: rgb(253, 253, 253);\n}\n<\/style>\n\t<\/div>\n\t\n\t<div id=\"text-77638181\" class=\"text mb-0\">\n\t\t\n\n<h4>Made in Italy<\/h4>\n\t\t\n<style>\n#text-77638181 {\n  text-align: center;\n  color: rgb(255, 255, 255);\n}\n#text-77638181 > * {\n  color: rgb(255, 255, 255);\n}\n<\/style>\n\t<\/div>\n\t\n\t<div class=\"img has-hover mw-100 x md-x lg-x y md-y lg-y\" id=\"image_1773809688\">\n\t\t\t\t\t\t\t\t<div class=\"img-inner dark\" >\n\t\t\t<img loading=\"lazy\" decoding=\"async\" width=\"1020\" height=\"1020\" src=\"https:\/\/www.metalgennari.it\/wp-content\/uploads\/2021\/09\/metal-gennari-icon-bandiera-italia-barra.svg\" class=\"attachment-large size-large\" alt=\"metal gennari icon bandiera italia barra\" \/>\t\t\t\t\t\t\n\t\t\t\t\t<\/div>\n\t\t\t\t\t\t\t\t\n<style>\n#image_1773809688 {\n  width: 100%;\n}\n<\/style>\n\t<\/div>\n\t\n\n\n\t\t<\/div>\n\t\t\t\t\t<\/div>\n\n\t\n\n\n<style>\n#row-1871536618 > .col > .col-inner {\n  padding: 70px 0px 0px 0px;\n}\n<\/style>\n<\/div>\n\n\t\t<\/div>\n\n\t\t\n<style>\n#section_2088283579 {\n  padding-top: 0px;\n  padding-bottom: 0px;\n}\n#section_2088283579 .section-bg.bg-loaded {\n  background-image: url(https:\/\/www.metalgennari.it\/wp-content\/uploads\/2021\/09\/metal-gennari-Raggruppa-230-1.jpg);\n}\n<\/style>\n\t<\/section>\n\t\n\t<section class=\"section dark\" id=\"section_240845780\">\n\t\t<div class=\"bg section-bg fill bg-fill  bg-loaded\" >\n\n\t\t\t\n\t\t\t\n\t\t\t\n\n\t\t<\/div>\n\n\t\t<div class=\"section-content relative\">\n\t\t\t\r\n\r\n<div class=\"row row-collapse align-middle align-center\"  id=\"row-1147724398\">\r\n\r\n\n\t<div id=\"col-1669957909\" class=\"col small-12 large-12\"  >\n\t\t\t\t<div class=\"col-inner text-center\" style=\"background-color:rgb(21, 26, 29);\" >\n\t\t\t\n\t\t\t\r\n\r\n\n\t<a class=\"plain\" href=\"https:\/\/www.metalgennari.it\/fr\/formulaires-de-demande-doffre\/\"  >\t<div class=\"icon-box featured-box inline-flex icon-box-center text-center\"  >\n\t\t\t\t\t<div class=\"icon-box-img\" style=\"width: 50px\">\n\t\t\t\t<div class=\"icon\">\n\t\t\t\t\t<div class=\"icon-inner\" >\n\t\t\t\t\t\t<img loading=\"lazy\" decoding=\"async\" width=\"300\" height=\"300\" src=\"https:\/\/www.metalgennari.it\/wp-content\/uploads\/2021\/09\/metal-gennari-icon-richiedi-offerta-banner.svg\" class=\"attachment-medium size-medium\" alt=\"metal gennari icon richiedi offerta banner\" \/>\t\t\t\t\t<\/div>\n\t\t\t\t<\/div>\n\t\t\t<\/div>\n\t\t\t\t<div class=\"icon-box-text last-reset\">\n\t\t\t\t\t\t\t\t\t\r\n\r\n\t<div id=\"text-2465699870\" class=\"text fs-24 richiedi-offerta\">\n\t\t\r\n\r\n<h3><a href=\"https:\/\/www.metalgennari.it\/fr\/formulaires-de-demande-doffre\/\">Demander une Offre<\/a><\/h3>\r\n\t\t\n<style>\n#text-2465699870 {\n  text-align: center;\n}\n<\/style>\n\t<\/div>\n\t\r\n\r\n\t\t<\/div>\n\t<\/div>\n\t<\/a>\n\t\r\n\r\n\t\t<\/div>\n\t\t\t\t\t<\/div>\n\n\t\r\n\r\n\n<style>\n#row-1147724398 > .col > .col-inner {\n  padding: 30px 0px 30px 0px;\n}\n<\/style>\n<\/div>\r\n\r\n\t\t<\/div>\n\n\t\t\n<style>\n#section_240845780 {\n  padding-top: 0px;\n  padding-bottom: 0px;\n  margin-bottom: 0px;\n  background-color: rgb(21, 26, 29);\n}\n<\/style>\n\t<\/section>\n\t\n\n\t<section class=\"section\" id=\"section_1669626849\">\n\t\t<div class=\"bg section-bg fill bg-fill  bg-loaded\" >\n\n\t\t\t\n\t\t\t\n\t\t\t\n\n\t\t<\/div>\n\n\t\t<div class=\"section-content relative\">\n\t\t\t\n\n<div class=\"row align-center\"  id=\"row-924494564\">\n\n\n\t<div id=\"col-219465927\" class=\"col medium-10 small-12 large-8\"  >\n\t\t\t\t<div class=\"col-inner text-center\"  >\n\t\t\t\n\t\t\t\n\n\t<div id=\"text-2692893150\" class=\"text fs-24\">\n\t\t\n\n<h3>R\u00e9paration, r\u00e9vision et modification<\/h3>\n\t\t\n<style>\n#text-2692893150 {\n  color: rgb(0,0,0);\n}\n#text-2692893150 > * {\n  color: rgb(0,0,0);\n}\n<\/style>\n\t<\/div>\n\t\n\t<div id=\"gap-1639361260\" class=\"gap-element clearfix\" style=\"display:block; height:auto;\">\n\t\t\n<style>\n#gap-1639361260 {\n  padding-top: 40px;\n}\n@media (min-width:850px) {\n  #gap-1639361260 {\n    padding-top: 50px;\n  }\n}\n<\/style>\n\t<\/div>\n\t\n\n<p>Afin de fournir un meilleur service au client, Metal Gennari est en mesure d\u2019effectuer, dans ses locaux et sur devis pr\u00e9alable, la r\u00e9vision et la r\u00e9paration des protecteurs t\u00e9lescopiques, des convoyeurs de copeaux et autres syst\u00e8mes de protection. <\/p>\n<p>Si le mat\u00e9riel re\u00e7u est trop endommag\u00e9 ou incompatible avec nos pi\u00e8ces de rechange, Metal Gennari peut fournir un nouveau protecteur ou un convoyeur d\u2019apr\u00e8s \u00e9chantillon re\u00e7u.<\/p>\n\n\t\t<\/div>\n\t\t\t\t\n<style>\n#col-219465927 > .col-inner {\n  padding: 50px 10px 0px 10px;\n}\n@media (min-width:550px) {\n  #col-219465927 > .col-inner {\n    padding: 50px 0px 0px 0px;\n  }\n}\n<\/style>\n\t<\/div>\n\n\t\n\n<\/div>\n<div class=\"row align-bottom align-center\" style=\"max-width:\" id=\"row-988024186\">\n\n\n\t<div id=\"col-116248421\" class=\"col medium-10 small-12 large-8\"  >\n\t\t\t\t<div class=\"col-inner text-center\"  >\n\t\t\t\n\t\t\t\n\n\t<div id=\"stack-3868898318\" class=\"stack stack-row justify-center items-end sm:stack-col sm:items-center\">\n\t\t\n\n\n\t\t<div class=\"icon-box featured-box icon-box-center text-center\"  >\n\t\t\t\t\t<div class=\"icon-box-img\" style=\"width: 50px\">\n\t\t\t\t<div class=\"icon\">\n\t\t\t\t\t<div class=\"icon-inner\" >\n\t\t\t\t\t\t<img loading=\"lazy\" decoding=\"async\" width=\"300\" height=\"300\" src=\"https:\/\/www.metalgennari.it\/wp-content\/uploads\/2021\/09\/metal-gennari-icon-tecnici-certificati.svg\" class=\"attachment-medium size-medium\" alt=\"metal gennari icon tecnici certificati\" \/>\t\t\t\t\t<\/div>\n\t\t\t\t<\/div>\n\t\t\t<\/div>\n\t\t\t\t<div class=\"icon-box-text last-reset\">\n\t\t\t\t\t\t\t\t\t\n\n\t<div id=\"text-2797907868\" class=\"text fs-24\">\n\t\t\n\n<h3>Techniciens certifi\u00e9s<\/h3>\n\t\t\n<style>\n#text-2797907868 {\n  color: rgb(0,0,0);\n}\n#text-2797907868 > * {\n  color: rgb(0,0,0);\n}\n<\/style>\n\t<\/div>\n\t\n\n\t\t<\/div>\n\t<\/div>\n\t\n\t\n\n\t\t<div class=\"icon-box featured-box icon-box-center text-center\"  >\n\t\t\t\t\t<div class=\"icon-box-img\" style=\"width: 50px\">\n\t\t\t\t<div class=\"icon\">\n\t\t\t\t\t<div class=\"icon-inner\" >\n\t\t\t\t\t\t<img loading=\"lazy\" decoding=\"async\" width=\"300\" height=\"300\" src=\"https:\/\/www.metalgennari.it\/wp-content\/uploads\/2021\/09\/metal-gennari-icon-garanzia.svg\" class=\"attachment-medium size-medium\" alt=\"metal gennari icon garanzia\" \/>\t\t\t\t\t<\/div>\n\t\t\t\t<\/div>\n\t\t\t<\/div>\n\t\t\t\t<div class=\"icon-box-text last-reset\">\n\t\t\t\t\t\t\t\t\t\n\n\t<div id=\"text-2457749026\" class=\"text fs-24\">\n\t\t\n\n<h3>Garantie<\/h3>\n\t\t\n<style>\n#text-2457749026 {\n  color: rgb(0,0,0);\n}\n#text-2457749026 > * {\n  color: rgb(0,0,0);\n}\n<\/style>\n\t<\/div>\n\t\n\n\t\t<\/div>\n\t<\/div>\n\t\n\t\n\n\t\t<div class=\"icon-box featured-box icon-box-center text-center\"  >\n\t\t\t\t\t<div class=\"icon-box-img\" style=\"width: 50px\">\n\t\t\t\t<div class=\"icon\">\n\t\t\t\t\t<div class=\"icon-inner\" >\n\t\t\t\t\t\t<img loading=\"lazy\" decoding=\"async\" width=\"300\" height=\"300\" src=\"https:\/\/www.metalgennari.it\/wp-content\/uploads\/2021\/09\/metal-gennari-icon-qualita.svg\" class=\"attachment-medium size-medium\" alt=\"metal gennari icon qualita\" \/>\t\t\t\t\t<\/div>\n\t\t\t\t<\/div>\n\t\t\t<\/div>\n\t\t\t\t<div class=\"icon-box-text last-reset\">\n\t\t\t\t\t\t\t\t\t\n\n\t<div id=\"text-651558302\" class=\"text fs-24\">\n\t\t\n\n<h3>Pi\u00e8ces de rechange de qualit\u00e9\n<\/h3>\n\t\t\n<style>\n#text-651558302 {\n  color: rgb(0,0,0);\n}\n#text-651558302 > * {\n  color: rgb(0,0,0);\n}\n<\/style>\n\t<\/div>\n\t\n\n\t\t<\/div>\n\t<\/div>\n\t\n\t\n\n\t\t\n<style>\n#stack-3868898318 > * {\n  --stack-gap: 2rem;\n}\n@media (min-width:550px) {\n  #stack-3868898318 > * {\n    --stack-gap: 4rem;\n  }\n}\n<\/style>\n\t<\/div>\n\t\n\n\t\t<\/div>\n\t\t\t\t\t<\/div>\n\n\t\n\n\n<style>\n#row-988024186 > .col > .col-inner {\n  padding: 0px 0px 30px 0px;\n}\n<\/style>\n<\/div>\n\n\t\t<\/div>\n\n\t\t\n<style>\n#section_1669626849 {\n  padding-top: 0px;\n  padding-bottom: 0px;\n  min-height: 300px;\n}\n<\/style>\n\t<\/section>\n\t\n<div class=\"row row-collapse row-full-width align-equal align-center\"  id=\"row-484301097\">\n\n\n\t<div id=\"col-886101782\" class=\"col medium-6 small-12 large-6\"  >\n\t\t\t\t<div class=\"col-inner text-center\" style=\"background-color:rgb(250, 202, 48);\" >\n\t\t\t\n\t\t\t\n\n<div class=\"row align-center\"  id=\"row-2117525245\">\n\n\n\t<div id=\"col-137538460\" class=\"col small-10 large-12\"  >\n\t\t\t\t<div class=\"col-inner\"  >\n\t\t\t\n\t\t\t\n\n\n\t\t<div class=\"icon-box featured-box center mw-400 icon-box-center text-center\"  >\n\t\t\t\t\t<div class=\"icon-box-img\" style=\"width: 80px\">\n\t\t\t\t<div class=\"icon\">\n\t\t\t\t\t<div class=\"icon-inner\" >\n\t\t\t\t\t\t<img loading=\"lazy\" decoding=\"async\" width=\"300\" height=\"300\" src=\"https:\/\/www.metalgennari.it\/wp-content\/uploads\/2021\/09\/metal-gennari-icon-revisione.svg\" class=\"attachment-medium size-medium\" alt=\"metal gennari icon revisione\" \/>\t\t\t\t\t<\/div>\n\t\t\t\t<\/div>\n\t\t\t<\/div>\n\t\t\t\t<div class=\"icon-box-text last-reset\">\n\t\t\t\t\t\t\t\t\t\n\n\t<div id=\"text-1326825036\" class=\"text fs-24\">\n\t\t\n\n<h3>R\u00e9vision<\/h3>\n\t\t\n<style>\n#text-1326825036 {\n  text-align: center;\n  color: rgb(0,0,0);\n}\n#text-1326825036 > * {\n  color: rgb(0,0,0);\n}\n<\/style>\n\t<\/div>\n\t\n\t<div id=\"text-3824664578\" class=\"text pt-40 pb-40\">\n\t\t\n\n<p>\u00c9valuation approfondie de l\u2019\u00e9tat d\u2019usure du mat\u00e9riel re\u00e7u afin de d\u00e9terminer si la r\u00e9paration peut \u00eatre avantageuse d\u2019un point de vue \u00e9conomique, pour les deux parties.<\/p>\n\t\t\n<style>\n#text-3824664578 {\n  text-align: center;\n}\n<\/style>\n\t<\/div>\n\t\n\n\t\t<\/div>\n\t<\/div>\n\t\n\t\n<a href=\"mailto:uff.commerciale@metalgennari.it?subject=Richiesta%20appuntamento%20per%20revisione\" target=\"_self\" class=\"button secondary is-outline lowercase pt-40\"  style=\"border-radius:5px;padding:5px 15px 5px 15px;\">\n    <span>Demandez un rendez-vous<\/span>\n  <\/a>\n\n\n\n\t\t<\/div>\n\t\t\t\t\n<style>\n#col-137538460 > .col-inner {\n  padding: 30px 0px 0px 0px;\n}\n<\/style>\n\t<\/div>\n\n\t\n\n<\/div>\n\n\t\t<\/div>\n\t\t\t\t\t<\/div>\n\n\t\n\n\t<div id=\"col-951773699\" class=\"col medium-6 small-12 large-6\"  >\n\t\t\t\t<div class=\"col-inner text-center\" style=\"background-color:rgb(0,0,0);\" >\n\t\t\t\n\t\t\t\n\n<div class=\"row align-center\"  id=\"row-800696734\">\n\n\n\t<div id=\"col-69865287\" class=\"col small-10 large-12\"  >\n\t\t\t\t<div class=\"col-inner text-center\"  >\n\t\t\t\n\t\t\t\n\n\n\t\t<div class=\"icon-box featured-box center mw-400 icon-box-center text-center\"  >\n\t\t\t\t\t<div class=\"icon-box-img\" style=\"width: 80px\">\n\t\t\t\t<div class=\"icon\">\n\t\t\t\t\t<div class=\"icon-inner\" >\n\t\t\t\t\t\t<img loading=\"lazy\" decoding=\"async\" width=\"300\" height=\"300\" src=\"https:\/\/www.metalgennari.it\/wp-content\/uploads\/2021\/09\/metal-gennari-icon-riparazione.svg\" class=\"attachment-medium size-medium\" alt=\"metal gennari icon riparazione\" \/>\t\t\t\t\t<\/div>\n\t\t\t\t<\/div>\n\t\t\t<\/div>\n\t\t\t\t<div class=\"icon-box-text last-reset\">\n\t\t\t\t\t\t\t\t\t\n\n\t<div id=\"text-1172920730\" class=\"text fs-24\">\n\t\t\n\n<h3>R\u00e9paration<\/h3>\n\t\t\n<style>\n#text-1172920730 {\n  text-align: center;\n  color: rgb(255, 255, 255);\n}\n#text-1172920730 > * {\n  color: rgb(255, 255, 255);\n}\n<\/style>\n\t<\/div>\n\t\n\t<div id=\"text-893597946\" class=\"text pt-40 pb-40\">\n\t\t\n\n<p>R\u00e9paration g\u00e9n\u00e9rale de la menuiserie du mat\u00e9riel re\u00e7u, remplacement des principaux composants par des pi\u00e8ces de rechange Metal Gennari et test fonctionnel.<\/p>\n\t\t\n<style>\n#text-893597946 {\n  text-align: center;\n  color: rgb(255, 255, 255);\n}\n#text-893597946 > * {\n  color: rgb(255, 255, 255);\n}\n<\/style>\n\t<\/div>\n\t\n\n\t\t<\/div>\n\t<\/div>\n\t\n\t\n<a href=\"mailto:uff.commerciale@metalgennari.it?subject=Richiesta%20appuntamento%20per%20riparazione\" target=\"_self\" class=\"button primary is-outline lowercase pt-40 secondary-btn\"  style=\"border-radius:5px;padding:5px 15px 5px 15px;\">\n    <span>Demandez un rendez-vous<\/span>\n  <\/a>\n\n\n\n\t\t<\/div>\n\t\t\t\t\n<style>\n#col-69865287 > .col-inner {\n  padding: 30px 0px 0px 0px;\n}\n<\/style>\n\t<\/div>\n\n\t\n\n<\/div>\n\n\t\t<\/div>\n\t\t\t\t\t<\/div>\n\n\t\n\n\n<style>\n#row-484301097 > .col > .col-inner {\n  padding: 50px 0px 50px 0px;\n}\n<\/style>\n<\/div>\n\n","protected":false},"excerpt":{"rendered":"","protected":false},"author":2,"featured_media":2718,"parent":0,"menu_order":0,"comment_status":"closed","ping_status":"closed","template":"","meta":{"inline_featured_image":false,"footnotes":""},"class_list":["post-2235","page","type-page","status-publish","has-post-thumbnail","hentry"],"_links":{"self":[{"href":"https:\/\/www.metalgennari.it\/fr\/wp-json\/wp\/v2\/pages\/2235","targetHints":{"allow":["GET"]}}],"collection":[{"href":"https:\/\/www.metalgennari.it\/fr\/wp-json\/wp\/v2\/pages"}],"about":[{"href":"https:\/\/www.metalgennari.it\/fr\/wp-json\/wp\/v2\/types\/page"}],"author":[{"embeddable":true,"href":"https:\/\/www.metalgennari.it\/fr\/wp-json\/wp\/v2\/users\/2"}],"replies":[{"embeddable":true,"href":"https:\/\/www.metalgennari.it\/fr\/wp-json\/wp\/v2\/comments?post=2235"}],"version-history":[{"count":0,"href":"https:\/\/www.metalgennari.it\/fr\/wp-json\/wp\/v2\/pages\/2235\/revisions"}],"wp:featuredmedia":[{"embeddable":true,"href":"https:\/\/www.metalgennari.it\/fr\/wp-json\/wp\/v2\/media\/2718"}],"wp:attachment":[{"href":"https:\/\/www.metalgennari.it\/fr\/wp-json\/wp\/v2\/media?parent=2235"}],"curies":[{"name":"wp","href":"https:\/\/api.w.org\/{rel}","templated":true}]}}