{"id":2187,"date":"2022-06-01T09:05:41","date_gmt":"2022-06-01T09:05:41","guid":{"rendered":"https:\/\/www.metalgennari.it\/?page_id=2187"},"modified":"2022-06-09T13:43:54","modified_gmt":"2022-06-09T13:43:54","slug":"assemblage-et-apres-vente","status":"publish","type":"page","link":"https:\/\/www.metalgennari.it\/fr\/assemblage-et-apres-vente\/","title":{"rendered":"Assemblage et Apr\u00e8s-Vente"},"content":{"rendered":"\n\t<section class=\"section\" id=\"section_1461928447\">\n\t\t<div class=\"bg section-bg fill bg-fill  \" >\n\n\t\t\t\n\t\t\t\n\t\t\t\n\n\t\t<\/div>\n\n\t\t<div class=\"section-content relative\">\n\t\t\t\n\n<div class=\"row align-bottom align-center\"  id=\"row-1159594698\">\n\n\n\t<div id=\"col-1036898329\" class=\"col small-12 large-12\"  >\n\t\t\t\t<div class=\"col-inner text-center\"  >\n\t\t\t\n\t\t\t\n\n\t<div id=\"text-2241436629\" class=\"text fs-42\">\n\t\t\n\n<h1>Assemblage et Apr\u00e8s-Vente<\/h1>\n\t\t\n<style>\n#text-2241436629 {\n  text-align: center;\n  color: rgb(253, 253, 253);\n}\n#text-2241436629 > * {\n  color: rgb(253, 253, 253);\n}\n<\/style>\n\t<\/div>\n\t\n\t<div id=\"text-294455469\" class=\"text mb-0\">\n\t\t\n\n<h4>Made in Italy<\/h4>\n\t\t\n<style>\n#text-294455469 {\n  text-align: center;\n  color: rgb(255, 255, 255);\n}\n#text-294455469 > * {\n  color: rgb(255, 255, 255);\n}\n<\/style>\n\t<\/div>\n\t\n\t<div class=\"img has-hover mw-100 x md-x lg-x y md-y lg-y\" id=\"image_1992194085\">\n\t\t\t\t\t\t\t\t<div class=\"img-inner dark\" >\n\t\t\t<img loading=\"lazy\" decoding=\"async\" width=\"1020\" height=\"1020\" src=\"https:\/\/www.metalgennari.it\/wp-content\/uploads\/2021\/09\/metal-gennari-icon-bandiera-italia-barra.svg\" class=\"attachment-large size-large\" alt=\"metal gennari icon bandiera italia barra\" \/>\t\t\t\t\t\t\n\t\t\t\t\t<\/div>\n\t\t\t\t\t\t\t\t\n<style>\n#image_1992194085 {\n  width: 100%;\n}\n<\/style>\n\t<\/div>\n\t\n\n\n\t\t<\/div>\n\t\t\t\t\t<\/div>\n\n\t\n\n\n<style>\n#row-1159594698 > .col > .col-inner {\n  padding: 70px 0px 0px 0px;\n}\n<\/style>\n<\/div>\n\n\t\t<\/div>\n\n\t\t\n<style>\n#section_1461928447 {\n  padding-top: 0px;\n  padding-bottom: 0px;\n}\n#section_1461928447 .section-bg.bg-loaded {\n  background-image: url(https:\/\/www.metalgennari.it\/wp-content\/uploads\/2021\/09\/metal-gennari-ufficio-produzione-made-in-italy.jpg);\n}\n<\/style>\n\t<\/section>\n\t\n\t<section class=\"section dark\" id=\"section_2016387651\">\n\t\t<div class=\"bg section-bg fill bg-fill  bg-loaded\" >\n\n\t\t\t\n\t\t\t\n\t\t\t\n\n\t\t<\/div>\n\n\t\t<div class=\"section-content relative\">\n\t\t\t\r\n\r\n<div class=\"row row-collapse align-middle align-center\"  id=\"row-1164914834\">\r\n\r\n\n\t<div id=\"col-1888894232\" class=\"col small-12 large-12\"  >\n\t\t\t\t<div class=\"col-inner text-center\" style=\"background-color:rgb(21, 26, 29);\" >\n\t\t\t\n\t\t\t\r\n\r\n\n\t<a class=\"plain\" href=\"https:\/\/www.metalgennari.it\/fr\/formulaires-de-demande-doffre\/\"  >\t<div class=\"icon-box featured-box inline-flex icon-box-center text-center\"  >\n\t\t\t\t\t<div class=\"icon-box-img\" style=\"width: 50px\">\n\t\t\t\t<div class=\"icon\">\n\t\t\t\t\t<div class=\"icon-inner\" >\n\t\t\t\t\t\t<img loading=\"lazy\" decoding=\"async\" width=\"300\" height=\"300\" src=\"https:\/\/www.metalgennari.it\/wp-content\/uploads\/2021\/09\/metal-gennari-icon-richiedi-offerta-banner.svg\" class=\"attachment-medium size-medium\" alt=\"metal gennari icon richiedi offerta banner\" \/>\t\t\t\t\t<\/div>\n\t\t\t\t<\/div>\n\t\t\t<\/div>\n\t\t\t\t<div class=\"icon-box-text last-reset\">\n\t\t\t\t\t\t\t\t\t\r\n\r\n\t<div id=\"text-526755606\" class=\"text fs-24 richiedi-offerta\">\n\t\t\r\n\r\n<h3><a href=\"https:\/\/www.metalgennari.it\/fr\/formulaires-de-demande-doffre\/\">Demander une Offre<\/a><\/h3>\r\n\t\t\n<style>\n#text-526755606 {\n  text-align: center;\n}\n<\/style>\n\t<\/div>\n\t\r\n\r\n\t\t<\/div>\n\t<\/div>\n\t<\/a>\n\t\r\n\r\n\t\t<\/div>\n\t\t\t\t\t<\/div>\n\n\t\r\n\r\n\n<style>\n#row-1164914834 > .col > .col-inner {\n  padding: 30px 0px 30px 0px;\n}\n<\/style>\n<\/div>\r\n\r\n\t\t<\/div>\n\n\t\t\n<style>\n#section_2016387651 {\n  padding-top: 0px;\n  padding-bottom: 0px;\n  margin-bottom: 0px;\n  background-color: rgb(21, 26, 29);\n}\n<\/style>\n\t<\/section>\n\t\n\n\t<section class=\"section\" id=\"section_1133923470\">\n\t\t<div class=\"bg section-bg fill bg-fill  bg-loaded\" >\n\n\t\t\t\n\t\t\t\n\t\t\t\n\n\t\t<\/div>\n\n\t\t<div class=\"section-content relative\">\n\t\t\t\n\n<div class=\"row row-collapse row-full-width align-equal align-center\"  id=\"row-1645839021\">\n\n\n\t<div id=\"col-690201557\" class=\"col medium-12 small-12 large-6\"  >\n\t\t\t\t<div class=\"col-inner text-center\" style=\"background-color:rgb(240, 240, 240);\" >\n\t\t\t\n\t\t\t\n\n<div class=\"row align-center\"  id=\"row-786584364\">\n\n\n\t<div id=\"col-158501269\" class=\"col medium-7 small-10 large-7\"  >\n\t\t\t\t<div class=\"col-inner\"  >\n\t\t\t\n\t\t\t\n\n\n\t\t<div class=\"icon-box featured-box icon-box-center text-center\"  >\n\t\t\t\t\t<div class=\"icon-box-img\" style=\"width: 70px\">\n\t\t\t\t<div class=\"icon\">\n\t\t\t\t\t<div class=\"icon-inner\" >\n\t\t\t\t\t\t<img loading=\"lazy\" decoding=\"async\" width=\"300\" height=\"300\" src=\"https:\/\/www.metalgennari.it\/wp-content\/uploads\/2021\/09\/metal-gennari-icon-montaggio-1.svg\" class=\"attachment-medium size-medium\" alt=\"metal gennari icon montaggio\" \/>\t\t\t\t\t<\/div>\n\t\t\t\t<\/div>\n\t\t\t<\/div>\n\t\t\t\t<div class=\"icon-box-text last-reset\">\n\t\t\t\t\t\t\t\t\t\n\n\t<div id=\"text-3502885740\" class=\"text fs-24\">\n\t\t\n\n<h3>Montage<\/h3>\n\t\t\t<\/div>\n\t\n\t<div id=\"text-3891343911\" class=\"text pt-40 pb-40\">\n\t\t\n\n<p>chaque produit est assembl\u00e9 et r\u00e9ceptionn\u00e9 en interne pour v\u00e9rifier son bon fonctionnement. Si n\u00e9cessaire, vous pouvez demander l\u2019assemblage final de nos produits. Demande les tarifs d\u2019assemblage. <\/p>\n\t\t\n<style>\n#text-3891343911 {\n  color: rgb(0,0,0);\n}\n#text-3891343911 > * {\n  color: rgb(0,0,0);\n}\n<\/style>\n\t<\/div>\n\t\n\n\t\t<\/div>\n\t<\/div>\n\t\n\t\n<a href=\"mailto:uff.commerciale@metalgennari.it?subject=Richiesta%20tariffe%20di%20montaggio\" target=\"_self\" class=\"button secondary is-outline lowercase richiedi-btn\"  style=\"border-radius:5px;\">\n    <span>Demander des tarifs d'assemblage<\/span>\n  <\/a>\n\n\n\n\t\t<\/div>\n\t\t\t\t\t<\/div>\n\n\t\n\n<\/div>\n\n\t\t<\/div>\n\t\t\t\t\n<style>\n#col-690201557 > .col-inner {\n  padding: 0px 20px 0px 20px;\n}\n<\/style>\n\t<\/div>\n\n\t\n\n\t<div id=\"col-1795865692\" class=\"col medium-12 small-12 large-6 small-col-first\"  >\n\t\t\t\t<div class=\"col-inner text-center\"  >\n\t\t\t\n\t\t\t\n\n<div class=\"row align-center\"  id=\"row-1496449184\">\n\n\n\t<div id=\"col-1363577312\" class=\"col medium-7 small-10 large-6\"  >\n\t\t\t\t<div class=\"col-inner text-center\"  >\n\t\t\t\n\t\t\t\n\n\n\t\t<div class=\"icon-box featured-box mw-400 icon-box-center text-center\"  >\n\t\t\t\t\t<div class=\"icon-box-img\" style=\"width: 70px\">\n\t\t\t\t<div class=\"icon\">\n\t\t\t\t\t<div class=\"icon-inner\" >\n\t\t\t\t\t\t<img loading=\"lazy\" decoding=\"async\" width=\"300\" height=\"300\" src=\"https:\/\/www.metalgennari.it\/wp-content\/uploads\/2021\/09\/metal-gennari-icon-post-vendita.svg\" class=\"attachment-medium size-medium\" alt=\"metal gennari icon post vendita\" \/>\t\t\t\t\t<\/div>\n\t\t\t\t<\/div>\n\t\t\t<\/div>\n\t\t\t\t<div class=\"icon-box-text last-reset\">\n\t\t\t\t\t\t\t\t\t\n\n\t<div id=\"text-860201084\" class=\"text fs-24\">\n\t\t\n\n<h3>Services apr\u00e8s-vente<\/h3>\n\t\t\t<\/div>\n\t\n\t<div id=\"text-782857960\" class=\"text pt-40 pb-40\">\n\t\t\n\n<p>Demandez une intervention d\u2019entretien et\/ou de r\u00e9paration par l\u2019un de nos techniciens sp\u00e9cialis\u00e9s. La satisfaction de chaque client est cruciale pour nous. Demandez les tarifs d\u2019intervention.<\/p>\n\t\t\n<style>\n#text-782857960 {\n  color: rgb(0,0,0);\n}\n#text-782857960 > * {\n  color: rgb(0,0,0);\n}\n<\/style>\n\t<\/div>\n\t\n\n\t\t<\/div>\n\t<\/div>\n\t\n\t\n<a href=\"mailto:uff.commerciale@metalgennari.it?subject=Richiesta%20tariffe%20di%20intervento\" target=\"_self\" class=\"button secondary is-outline lowercase richiedi-btn\"  style=\"border-radius:5px;\">\n    <span>Demander des tarifs d'intervention<\/span>\n  <\/a>\n\n\n\n\t\t<\/div>\n\t\t\t\t\t<\/div>\n\n\t\n\n<\/div>\n\n\t\t<\/div>\n\t\t\t\t\n<style>\n#col-1795865692 > .col-inner {\n  padding: 0px 20px 0px 20px;\n}\n<\/style>\n\t<\/div>\n\n\t\n\n\n<style>\n#row-1645839021 > .col > .col-inner {\n  padding: 100px 0px 100px 0px;\n}\n<\/style>\n<\/div>\n\n\t\t<\/div>\n\n\t\t\n<style>\n#section_1133923470 {\n  padding-top: 0px;\n  padding-bottom: 0px;\n}\n<\/style>\n\t<\/section>\n\t\n\n","protected":false},"excerpt":{"rendered":"","protected":false},"author":2,"featured_media":2718,"parent":0,"menu_order":0,"comment_status":"closed","ping_status":"closed","template":"","meta":{"inline_featured_image":false,"footnotes":""},"class_list":["post-2187","page","type-page","status-publish","has-post-thumbnail","hentry"],"_links":{"self":[{"href":"https:\/\/www.metalgennari.it\/fr\/wp-json\/wp\/v2\/pages\/2187","targetHints":{"allow":["GET"]}}],"collection":[{"href":"https:\/\/www.metalgennari.it\/fr\/wp-json\/wp\/v2\/pages"}],"about":[{"href":"https:\/\/www.metalgennari.it\/fr\/wp-json\/wp\/v2\/types\/page"}],"author":[{"embeddable":true,"href":"https:\/\/www.metalgennari.it\/fr\/wp-json\/wp\/v2\/users\/2"}],"replies":[{"embeddable":true,"href":"https:\/\/www.metalgennari.it\/fr\/wp-json\/wp\/v2\/comments?post=2187"}],"version-history":[{"count":0,"href":"https:\/\/www.metalgennari.it\/fr\/wp-json\/wp\/v2\/pages\/2187\/revisions"}],"wp:featuredmedia":[{"embeddable":true,"href":"https:\/\/www.metalgennari.it\/fr\/wp-json\/wp\/v2\/media\/2718"}],"wp:attachment":[{"href":"https:\/\/www.metalgennari.it\/fr\/wp-json\/wp\/v2\/media?parent=2187"}],"curies":[{"name":"wp","href":"https:\/\/api.w.org\/{rel}","templated":true}]}}