{"id":2176,"date":"2022-06-01T08:56:02","date_gmt":"2022-06-01T08:56:02","guid":{"rendered":"https:\/\/www.metalgennari.it\/?page_id=2176"},"modified":"2022-06-29T13:23:44","modified_gmt":"2022-06-29T13:23:44","slug":"formulaires-de-demande-doffre","status":"publish","type":"page","link":"https:\/\/www.metalgennari.it\/fr\/formulaires-de-demande-doffre\/","title":{"rendered":"Formulaires de demande d\u2019offre"},"content":{"rendered":"\n\t<section class=\"section\" id=\"section_164911517\">\n\t\t<div class=\"bg section-bg fill bg-fill  \" >\n\n\t\t\t\n\t\t\t\n\t\t\t\n\n\t\t<\/div>\n\n\t\t<div class=\"section-content relative\">\n\t\t\t\n\n<div class=\"row align-bottom align-center\"  id=\"row-1044498750\">\n\n\n\t<div id=\"col-672431946\" class=\"col small-12 large-12\"  >\n\t\t\t\t<div class=\"col-inner text-center\"  >\n\t\t\t\n\t\t\t\n\n\t<div id=\"text-2870642940\" class=\"text fs-42\">\n\t\t\n\n<h1>Formulaires de demande d\u2019offre<\/h1>\n\t\t\n<style>\n#text-2870642940 {\n  text-align: center;\n  color: rgb(253, 253, 253);\n}\n#text-2870642940 > * {\n  color: rgb(253, 253, 253);\n}\n<\/style>\n\t<\/div>\n\t\n<a href=\"#moduli\" target=\"_self\" class=\"button secondary\"  >\n  <i class=\"icon-play\" ><\/i>  <span>Formulaires de demande<\/span>\n  <\/a>\n\n\n<a href=\"https:\/\/www.metalgennari.it\/fr\/demandes\/\" target=\"_self\" class=\"button primary\"  >\n  <i class=\"icon-user\" ><\/i>  <span>Vos demandes<\/span>\n  <\/a>\n\n\n\n\t\t<\/div>\n\t\t\t\t\t<\/div>\n\n\t\n\n\n<style>\n#row-1044498750 > .col > .col-inner {\n  padding: 70px 0px 0px 0px;\n}\n<\/style>\n<\/div>\n<span class=\"scroll-to\" data-label=\"Scroll to: #moduli\" data-bullet=\"false\" data-link=\"#moduli\" data-title=\"moduli\"><a name=\"moduli\"><\/a><\/span>\n\n\n\t\t<\/div>\n\n\t\t\n<style>\n#section_164911517 {\n  padding-top: 0px;\n  padding-bottom: 0px;\n}\n#section_164911517 .section-bg.bg-loaded {\n  background-image: url(https:\/\/www.metalgennari.it\/wp-content\/uploads\/2021\/09\/metal-gennari-scarica-nostri-cataloghi-moduli.jpg);\n}\n<\/style>\n\t<\/section>\n\t\n\t<div id=\"gap-1841490601\" class=\"gap-element clearfix\" style=\"display:block; height:auto;\">\n\t\t\n<style>\n#gap-1841490601 {\n  padding-top: 50px;\n}\n<\/style>\n\t<\/div>\n\t\n\n<div class=\"row\"  id=\"row-1566005273\">\n\n\n\t<div id=\"col-1092496511\" class=\"col small-12 large-12\"  >\n\t\t\t\t<div class=\"col-inner\"  >\n\t\t\t\n\t\t\t\n\n<div class=\"row row-collapse\"  id=\"row-1108474966\">\n\n\n\t<div id=\"col-977988526\" class=\"col small-12 large-12\"  >\n\t\t\t\t<div class=\"col-inner\"  >\n\t\t\t\n\t\t\t\n\n\t<div id=\"text-282091171\" class=\"text\">\n\t\t\n\n<h3>Comment envoyer une demande<\/h3>\n\t\t\n<style>\n#text-282091171 {\n  font-size: 1.75rem;\n  line-height: 1;\n}\n@media (min-width:550px) {\n  #text-282091171 {\n    font-size: 2.25rem;\n    line-height: 0.75;\n  }\n}\n<\/style>\n\t<\/div>\n\t\n\n\t\t<\/div>\n\t\t\t\t\t<\/div>\n\n\t\n\n<\/div>\n<div class=\"row row-collapse align-equal\"  id=\"row-225193025\">\n\n\n\t<div id=\"col-151241161\" class=\"col medium-4 small-12 large-4\"  >\n\t\t\t\t<div class=\"col-inner text-center dark\" style=\"background-color:rgb(250, 202, 48);\" >\n\t\t\t\n\t\t\t\n\n\t<div id=\"text-3174253852\" class=\"text\">\n\t\t\n\n<h3>1<\/h3>\n\t\t\n<style>\n#text-3174253852 {\n  font-size: 1.75rem;\n  line-height: 1;\n  color: rgb(0,0,0);\n}\n#text-3174253852 > * {\n  color: rgb(0,0,0);\n}\n@media (min-width:550px) {\n  #text-3174253852 {\n    font-size: 1.25rem;\n  }\n}\n@media (min-width:850px) {\n  #text-3174253852 {\n    font-size: 1.5rem;\n    line-height: 0.75;\n  }\n}\n<\/style>\n\t<\/div>\n\t\n\t<div id=\"text-82195871\" class=\"text\">\n\t\t\n\n<h3>S\u00e9lectionnez<br>l\u2019article<\/h3>\n\t\t\n<style>\n#text-82195871 {\n  font-size: 1.75rem;\n  line-height: 1;\n}\n@media (min-width:550px) {\n  #text-82195871 {\n    font-size: 1.25rem;\n  }\n}\n@media (min-width:850px) {\n  #text-82195871 {\n    font-size: 1.5rem;\n    line-height: 0.75;\n  }\n}\n<\/style>\n\t<\/div>\n\t\n\n\t\t<\/div>\n\t\t\t\t\n<style>\n#col-151241161 > .col-inner {\n  padding: 15% 10% 10% 10%;\n}\n<\/style>\n\t<\/div>\n\n\t\n\n\t<div id=\"col-1252223885\" class=\"col medium-4 small-12 large-4\"  >\n\t\t\t\t<div class=\"col-inner text-center dark\" style=\"background-color:rgb(227, 185, 48);\" >\n\t\t\t\n\t\t\t\n\n\t<div id=\"text-530951264\" class=\"text\">\n\t\t\n\n<h3>2<\/h3>\n\t\t\n<style>\n#text-530951264 {\n  font-size: 1.75rem;\n  line-height: 1;\n  color: rgb(0,0,0);\n}\n#text-530951264 > * {\n  color: rgb(0,0,0);\n}\n@media (min-width:550px) {\n  #text-530951264 {\n    font-size: 1.25rem;\n  }\n}\n@media (min-width:850px) {\n  #text-530951264 {\n    font-size: 1.5rem;\n    line-height: 0.75;\n  }\n}\n<\/style>\n\t<\/div>\n\t\n\t<div id=\"text-2850310923\" class=\"text\">\n\t\t\n\n<h3>Remplissez<br>les champs obligatoires<\/h3>\n\t\t\n<style>\n#text-2850310923 {\n  font-size: 1.75rem;\n  line-height: 0.75;\n}\n@media (min-width:550px) {\n  #text-2850310923 {\n    font-size: 1.25rem;\n  }\n}\n@media (min-width:850px) {\n  #text-2850310923 {\n    font-size: 1.5rem;\n  }\n}\n<\/style>\n\t<\/div>\n\t\n\n\t\t<\/div>\n\t\t\t\t\n<style>\n#col-1252223885 > .col-inner {\n  padding: 15% 10% 10% 10%;\n}\n<\/style>\n\t<\/div>\n\n\t\n\n\t<div id=\"col-1759714915\" class=\"col medium-4 small-12 large-4\"  >\n\t\t\t\t<div class=\"col-inner text-center dark\" style=\"background-color:rgb(204, 162, 26);\" >\n\t\t\t\n\t\t\t\n\n\t<div id=\"text-2832601597\" class=\"text\">\n\t\t\n\n<h3>3<\/h3>\n\t\t\n<style>\n#text-2832601597 {\n  font-size: 1.75rem;\n  line-height: 1;\n  color: rgb(0,0,0);\n}\n#text-2832601597 > * {\n  color: rgb(0,0,0);\n}\n@media (min-width:550px) {\n  #text-2832601597 {\n    font-size: 1.25rem;\n  }\n}\n@media (min-width:850px) {\n  #text-2832601597 {\n    font-size: 1.5rem;\n    line-height: 0.75;\n  }\n}\n<\/style>\n\t<\/div>\n\t\n\t<div id=\"text-3097122539\" class=\"text\">\n\t\t\n\n<h3>Cliquez sur <br>\u00abEnregistrer la demande\u00bb<\/h3>\n\t\t\n<style>\n#text-3097122539 {\n  font-size: 1.75rem;\n  line-height: 1.25;\n}\n@media (min-width:550px) {\n  #text-3097122539 {\n    font-size: 1.25rem;\n  }\n}\n@media (min-width:850px) {\n  #text-3097122539 {\n    font-size: 1.5rem;\n    line-height: 0.75;\n  }\n}\n<\/style>\n\t<\/div>\n\t\n\n\t\t<\/div>\n\t\t\t\t\n<style>\n#col-1759714915 > .col-inner {\n  padding: 15% 10% 10% 10%;\n}\n<\/style>\n\t<\/div>\n\n\t\n\n<\/div>\n\n\t\t<\/div>\n\t\t\t\t\t<\/div>\n\n\t\n\n<\/div>\n<div class=\"row\"  id=\"row-361479041\">\n\n\n\t<div id=\"col-1426904945\" class=\"col small-12 large-12\"  >\n\t\t\t\t<div class=\"col-inner\"  >\n\t\t\t\n\t\t\t\n\n<div class=\"row\"  id=\"row-1336179956\">\n\n\n\t<div id=\"col-24690321\" class=\"col small-12 large-12\"  >\n\t\t\t\t<div class=\"col-inner\"  >\n\t\t\t\n\t\t\t\n\n<p>Vous pourrez alors ajouter une nouvelle Demande d\u2019Offre \u00e0 envoyer \u00e0 nos services techniques, ou proc\u00e9der directement \u00e0 son envoi en cliquant sur \u00abAller \u00e0 vos demandes d\u2019offre\u00bb.<\/p>\n\n\t\t<\/div>\n\t\t\t\t\t<\/div>\n\n\t\n\n<\/div>\n\n  \n    <div class=\"row  equalize-box large-columns-3 medium-columns- small-columns-2 row-normal\">\n  \t\n\t     \n\t\t\t\t\t\t            \t\n\t            \t<div class=\"col\" >\n\t\t\t\t\t\t<div class=\"col-inner\">\n\t\t\t\t\t\t\n<div class=\"badge-container absolute left top z-1\">\n<\/div>\n\t\t\t\t\t\t<div class=\"product-small box has-hover box-normal box-text-bottom\">\n\t\t\t\t\t\t\t<div class=\"box-image\" >\n\t\t\t\t\t\t\t\t<div class=\"\" >\n\t\t\t\t\t\t\t\t\t<a href=\"https:\/\/www.metalgennari.it\/fr\/prodotto\/chip-conveyors\/\" aria-label=\"Chip conveyors\">\n\t\t\t\t\t\t\t\t\t\t<img loading=\"lazy\" decoding=\"async\" width=\"300\" height=\"300\" src=\"https:\/\/www.metalgennari.it\/wp-content\/uploads\/2022\/03\/metalgennari-trasportatori-300x300.jpg\" class=\"attachment-woocommerce_thumbnail size-woocommerce_thumbnail\" alt=\"metalgennari trasportatori\" srcset=\"https:\/\/www.metalgennari.it\/wp-content\/uploads\/2022\/03\/metalgennari-trasportatori-300x300.jpg 300w, https:\/\/www.metalgennari.it\/wp-content\/uploads\/2022\/03\/metalgennari-trasportatori-1024x1024.jpg 1024w, https:\/\/www.metalgennari.it\/wp-content\/uploads\/2022\/03\/metalgennari-trasportatori-150x150.jpg 150w, https:\/\/www.metalgennari.it\/wp-content\/uploads\/2022\/03\/metalgennari-trasportatori-768x768.jpg 768w, https:\/\/www.metalgennari.it\/wp-content\/uploads\/2022\/03\/metalgennari-trasportatori-600x600.jpg 600w, https:\/\/www.metalgennari.it\/wp-content\/uploads\/2022\/03\/metalgennari-trasportatori-100x100.jpg 100w, https:\/\/www.metalgennari.it\/wp-content\/uploads\/2022\/03\/metalgennari-trasportatori.jpg 1280w\" sizes=\"auto, (max-width: 300px) 100vw, 300px\" \/>\t\t\t\t\t\t\t\t\t<\/a>\n\t\t\t\t\t\t\t\t\t\t\t\t\t\t\t\t\t\t \t\t\t\t\t\t\t\t<\/div>\n\t\t\t\t\t\t\t\t<div class=\"image-tools top right show-on-hover\">\n\t\t\t\t\t\t\t\t\t\t\t\t\t\t\t\t\t<\/div>\n\t\t\t\t\t\t\t\t\t\t\t\t\t\t\t\t\t<div class=\"image-tools grid-tools text-center hide-for-small bottom hover-slide-in show-on-hover\">\n\t\t\t\t\t\t\t\t\t\t\t\t\t\t\t\t\t\t\t<\/div>\n\t\t\t\t\t\t\t\t\t\t\t\t\t\t\t\t\t\t\t\t\t\t\t<\/div>\n\n\t\t\t\t\t\t\t<div class=\"box-text text-center\" >\n\t\t\t\t\t\t\t\t<div class=\"title-wrapper\"><\/div><div class=\"price-wrapper\"><\/div>\t\t\t\t\t\t\t<\/div>\n\t\t\t\t\t\t<\/div>\n\t\t\t\t\t\t<\/div>\n\t\t\t\t\t<\/div>\n\t\t\t\t\t\t            \n\t\t\t\t\t\t            \t\n\t            \t<div class=\"col\" >\n\t\t\t\t\t\t<div class=\"col-inner\">\n\t\t\t\t\t\t\n<div class=\"badge-container absolute left top z-1\">\n<\/div>\n\t\t\t\t\t\t<div class=\"product-small box has-hover box-normal box-text-bottom\">\n\t\t\t\t\t\t\t<div class=\"box-image\" >\n\t\t\t\t\t\t\t\t<div class=\"\" >\n\t\t\t\t\t\t\t\t\t<a href=\"https:\/\/www.metalgennari.it\/fr\/prodotto\/bellows\/\" aria-label=\"Bellows\">\n\t\t\t\t\t\t\t\t\t\t<img loading=\"lazy\" decoding=\"async\" width=\"300\" height=\"300\" src=\"https:\/\/www.metalgennari.it\/wp-content\/uploads\/2022\/03\/metalgennari-soffietti-lineari-300x300.jpg\" class=\"attachment-woocommerce_thumbnail size-woocommerce_thumbnail\" alt=\"metalgennari soffietti lineari\" srcset=\"https:\/\/www.metalgennari.it\/wp-content\/uploads\/2022\/03\/metalgennari-soffietti-lineari-300x300.jpg 300w, https:\/\/www.metalgennari.it\/wp-content\/uploads\/2022\/03\/metalgennari-soffietti-lineari-1024x1024.jpg 1024w, https:\/\/www.metalgennari.it\/wp-content\/uploads\/2022\/03\/metalgennari-soffietti-lineari-150x150.jpg 150w, https:\/\/www.metalgennari.it\/wp-content\/uploads\/2022\/03\/metalgennari-soffietti-lineari-768x768.jpg 768w, https:\/\/www.metalgennari.it\/wp-content\/uploads\/2022\/03\/metalgennari-soffietti-lineari-600x600.jpg 600w, https:\/\/www.metalgennari.it\/wp-content\/uploads\/2022\/03\/metalgennari-soffietti-lineari-100x100.jpg 100w, https:\/\/www.metalgennari.it\/wp-content\/uploads\/2022\/03\/metalgennari-soffietti-lineari.jpg 1280w\" sizes=\"auto, (max-width: 300px) 100vw, 300px\" \/>\t\t\t\t\t\t\t\t\t<\/a>\n\t\t\t\t\t\t\t\t\t\t\t\t\t\t\t\t\t\t \t\t\t\t\t\t\t\t<\/div>\n\t\t\t\t\t\t\t\t<div class=\"image-tools top right show-on-hover\">\n\t\t\t\t\t\t\t\t\t\t\t\t\t\t\t\t\t<\/div>\n\t\t\t\t\t\t\t\t\t\t\t\t\t\t\t\t\t<div class=\"image-tools grid-tools text-center hide-for-small bottom hover-slide-in show-on-hover\">\n\t\t\t\t\t\t\t\t\t\t\t\t\t\t\t\t\t\t\t<\/div>\n\t\t\t\t\t\t\t\t\t\t\t\t\t\t\t\t\t\t\t\t\t\t\t<\/div>\n\n\t\t\t\t\t\t\t<div class=\"box-text text-center\" >\n\t\t\t\t\t\t\t\t<div class=\"title-wrapper\"><\/div><div class=\"price-wrapper\"><\/div>\t\t\t\t\t\t\t<\/div>\n\t\t\t\t\t\t<\/div>\n\t\t\t\t\t\t<\/div>\n\t\t\t\t\t<\/div>\n\t\t\t\t\t\t            \n\t\t\t\t\t\t            \t\n\t            \t<div class=\"col\" >\n\t\t\t\t\t\t<div class=\"col-inner\">\n\t\t\t\t\t\t\n<div class=\"badge-container absolute left top z-1\">\n<\/div>\n\t\t\t\t\t\t<div class=\"product-small box has-hover box-normal box-text-bottom\">\n\t\t\t\t\t\t\t<div class=\"box-image\" >\n\t\t\t\t\t\t\t\t<div class=\"\" >\n\t\t\t\t\t\t\t\t\t<a href=\"https:\/\/www.metalgennari.it\/fr\/prodotto\/circular-bellows\/\" aria-label=\"Circular bellows\">\n\t\t\t\t\t\t\t\t\t\t<img loading=\"lazy\" decoding=\"async\" width=\"300\" height=\"300\" src=\"https:\/\/www.metalgennari.it\/wp-content\/uploads\/2022\/03\/metalgennari-soffietti-cicolari-300x300.jpg\" class=\"attachment-woocommerce_thumbnail size-woocommerce_thumbnail\" alt=\"metalgennari soffietti cicolari\" srcset=\"https:\/\/www.metalgennari.it\/wp-content\/uploads\/2022\/03\/metalgennari-soffietti-cicolari-300x300.jpg 300w, https:\/\/www.metalgennari.it\/wp-content\/uploads\/2022\/03\/metalgennari-soffietti-cicolari-1024x1024.jpg 1024w, https:\/\/www.metalgennari.it\/wp-content\/uploads\/2022\/03\/metalgennari-soffietti-cicolari-150x150.jpg 150w, https:\/\/www.metalgennari.it\/wp-content\/uploads\/2022\/03\/metalgennari-soffietti-cicolari-768x768.jpg 768w, https:\/\/www.metalgennari.it\/wp-content\/uploads\/2022\/03\/metalgennari-soffietti-cicolari-600x600.jpg 600w, https:\/\/www.metalgennari.it\/wp-content\/uploads\/2022\/03\/metalgennari-soffietti-cicolari-100x100.jpg 100w, https:\/\/www.metalgennari.it\/wp-content\/uploads\/2022\/03\/metalgennari-soffietti-cicolari.jpg 1280w\" sizes=\"auto, (max-width: 300px) 100vw, 300px\" \/>\t\t\t\t\t\t\t\t\t<\/a>\n\t\t\t\t\t\t\t\t\t\t\t\t\t\t\t\t\t\t \t\t\t\t\t\t\t\t<\/div>\n\t\t\t\t\t\t\t\t<div class=\"image-tools top right show-on-hover\">\n\t\t\t\t\t\t\t\t\t\t\t\t\t\t\t\t\t<\/div>\n\t\t\t\t\t\t\t\t\t\t\t\t\t\t\t\t\t<div class=\"image-tools grid-tools text-center hide-for-small bottom hover-slide-in show-on-hover\">\n\t\t\t\t\t\t\t\t\t\t\t\t\t\t\t\t\t\t\t<\/div>\n\t\t\t\t\t\t\t\t\t\t\t\t\t\t\t\t\t\t\t\t\t\t\t<\/div>\n\n\t\t\t\t\t\t\t<div class=\"box-text text-center\" >\n\t\t\t\t\t\t\t\t<div class=\"title-wrapper\"><\/div><div class=\"price-wrapper\"><\/div>\t\t\t\t\t\t\t<\/div>\n\t\t\t\t\t\t<\/div>\n\t\t\t\t\t\t<\/div>\n\t\t\t\t\t<\/div>\n\t\t\t\t\t\t            \n\t\t\t\t\t\t            \t\n\t            \t<div class=\"col\" >\n\t\t\t\t\t\t<div class=\"col-inner\">\n\t\t\t\t\t\t\n<div class=\"badge-container absolute left top z-1\">\n<\/div>\n\t\t\t\t\t\t<div class=\"product-small box has-hover box-normal box-text-bottom\">\n\t\t\t\t\t\t\t<div class=\"box-image\" >\n\t\t\t\t\t\t\t\t<div class=\"\" >\n\t\t\t\t\t\t\t\t\t<a href=\"https:\/\/www.metalgennari.it\/fr\/prodotto\/roll-up-covers\/\" aria-label=\"Roll-Up covers\">\n\t\t\t\t\t\t\t\t\t\t<img loading=\"lazy\" decoding=\"async\" width=\"300\" height=\"300\" src=\"https:\/\/www.metalgennari.it\/wp-content\/uploads\/2022\/03\/metalgennari-protezioni-avvolgibili-300x300.jpg\" class=\"attachment-woocommerce_thumbnail size-woocommerce_thumbnail\" alt=\"metalgennari protezioni avvolgibili\" srcset=\"https:\/\/www.metalgennari.it\/wp-content\/uploads\/2022\/03\/metalgennari-protezioni-avvolgibili-300x300.jpg 300w, https:\/\/www.metalgennari.it\/wp-content\/uploads\/2022\/03\/metalgennari-protezioni-avvolgibili-1024x1024.jpg 1024w, https:\/\/www.metalgennari.it\/wp-content\/uploads\/2022\/03\/metalgennari-protezioni-avvolgibili-150x150.jpg 150w, https:\/\/www.metalgennari.it\/wp-content\/uploads\/2022\/03\/metalgennari-protezioni-avvolgibili-768x768.jpg 768w, https:\/\/www.metalgennari.it\/wp-content\/uploads\/2022\/03\/metalgennari-protezioni-avvolgibili-600x600.jpg 600w, https:\/\/www.metalgennari.it\/wp-content\/uploads\/2022\/03\/metalgennari-protezioni-avvolgibili-100x100.jpg 100w, https:\/\/www.metalgennari.it\/wp-content\/uploads\/2022\/03\/metalgennari-protezioni-avvolgibili.jpg 1280w\" sizes=\"auto, (max-width: 300px) 100vw, 300px\" \/>\t\t\t\t\t\t\t\t\t<\/a>\n\t\t\t\t\t\t\t\t\t\t\t\t\t\t\t\t\t\t \t\t\t\t\t\t\t\t<\/div>\n\t\t\t\t\t\t\t\t<div class=\"image-tools top right show-on-hover\">\n\t\t\t\t\t\t\t\t\t\t\t\t\t\t\t\t\t<\/div>\n\t\t\t\t\t\t\t\t\t\t\t\t\t\t\t\t\t<div class=\"image-tools grid-tools text-center hide-for-small bottom hover-slide-in show-on-hover\">\n\t\t\t\t\t\t\t\t\t\t\t\t\t\t\t\t\t\t\t<\/div>\n\t\t\t\t\t\t\t\t\t\t\t\t\t\t\t\t\t\t\t\t\t\t\t<\/div>\n\n\t\t\t\t\t\t\t<div class=\"box-text text-center\" >\n\t\t\t\t\t\t\t\t<div class=\"title-wrapper\"><\/div><div class=\"price-wrapper\"><\/div>\t\t\t\t\t\t\t<\/div>\n\t\t\t\t\t\t<\/div>\n\t\t\t\t\t\t<\/div>\n\t\t\t\t\t<\/div>\n\t\t\t\t\t\t            \n\t\t\t\t\t\t            \t\n\t            \t<div class=\"col\" >\n\t\t\t\t\t\t<div class=\"col-inner\">\n\t\t\t\t\t\t\n<div class=\"badge-container absolute left top z-1\">\n<\/div>\n\t\t\t\t\t\t<div class=\"product-small box has-hover box-normal box-text-bottom\">\n\t\t\t\t\t\t\t<div class=\"box-image\" >\n\t\t\t\t\t\t\t\t<div class=\"\" >\n\t\t\t\t\t\t\t\t\t<a href=\"https:\/\/www.metalgennari.it\/fr\/prodotto\/spiral-springs-covers\/\" aria-label=\"Spiral springs covers\">\n\t\t\t\t\t\t\t\t\t\t<img loading=\"lazy\" decoding=\"async\" width=\"300\" height=\"300\" src=\"https:\/\/www.metalgennari.it\/wp-content\/uploads\/2022\/03\/metalgennari-molle-a-bovolo-300x300.jpg\" class=\"attachment-woocommerce_thumbnail size-woocommerce_thumbnail\" alt=\"metalgennari molle a bovolo\" srcset=\"https:\/\/www.metalgennari.it\/wp-content\/uploads\/2022\/03\/metalgennari-molle-a-bovolo-300x300.jpg 300w, https:\/\/www.metalgennari.it\/wp-content\/uploads\/2022\/03\/metalgennari-molle-a-bovolo-1024x1024.jpg 1024w, https:\/\/www.metalgennari.it\/wp-content\/uploads\/2022\/03\/metalgennari-molle-a-bovolo-150x150.jpg 150w, https:\/\/www.metalgennari.it\/wp-content\/uploads\/2022\/03\/metalgennari-molle-a-bovolo-768x768.jpg 768w, https:\/\/www.metalgennari.it\/wp-content\/uploads\/2022\/03\/metalgennari-molle-a-bovolo-600x600.jpg 600w, https:\/\/www.metalgennari.it\/wp-content\/uploads\/2022\/03\/metalgennari-molle-a-bovolo-100x100.jpg 100w, https:\/\/www.metalgennari.it\/wp-content\/uploads\/2022\/03\/metalgennari-molle-a-bovolo.jpg 1280w\" sizes=\"auto, (max-width: 300px) 100vw, 300px\" \/>\t\t\t\t\t\t\t\t\t<\/a>\n\t\t\t\t\t\t\t\t\t\t\t\t\t\t\t\t\t\t \t\t\t\t\t\t\t\t<\/div>\n\t\t\t\t\t\t\t\t<div class=\"image-tools top right show-on-hover\">\n\t\t\t\t\t\t\t\t\t\t\t\t\t\t\t\t\t<\/div>\n\t\t\t\t\t\t\t\t\t\t\t\t\t\t\t\t\t<div class=\"image-tools grid-tools text-center hide-for-small bottom hover-slide-in show-on-hover\">\n\t\t\t\t\t\t\t\t\t\t\t\t\t\t\t\t\t\t\t<\/div>\n\t\t\t\t\t\t\t\t\t\t\t\t\t\t\t\t\t\t\t\t\t\t\t<\/div>\n\n\t\t\t\t\t\t\t<div class=\"box-text text-center\" >\n\t\t\t\t\t\t\t\t<div class=\"title-wrapper\"><\/div><div class=\"price-wrapper\"><\/div>\t\t\t\t\t\t\t<\/div>\n\t\t\t\t\t\t<\/div>\n\t\t\t\t\t\t<\/div>\n\t\t\t\t\t<\/div>\n\t\t\t\t\t\t            \n\t\t\t\t\t\t            \t\n\t            \t<div class=\"col\" >\n\t\t\t\t\t\t<div class=\"col-inner\">\n\t\t\t\t\t\t\n<div class=\"badge-container absolute left top z-1\">\n<\/div>\n\t\t\t\t\t\t<div class=\"product-small box has-hover box-normal box-text-bottom\">\n\t\t\t\t\t\t\t<div class=\"box-image\" >\n\t\t\t\t\t\t\t\t<div class=\"\" >\n\t\t\t\t\t\t\t\t\t<a href=\"https:\/\/www.metalgennari.it\/fr\/prodotto\/telescopic-covers\/\" aria-label=\"Telescopic covers\">\n\t\t\t\t\t\t\t\t\t\t<img loading=\"lazy\" decoding=\"async\" width=\"300\" height=\"300\" src=\"https:\/\/www.metalgennari.it\/wp-content\/uploads\/2022\/03\/metalgennari-coperture-telescopiche-300x300.jpg\" class=\"attachment-woocommerce_thumbnail size-woocommerce_thumbnail\" alt=\"metalgennari coperture telescopiche\" srcset=\"https:\/\/www.metalgennari.it\/wp-content\/uploads\/2022\/03\/metalgennari-coperture-telescopiche-300x300.jpg 300w, https:\/\/www.metalgennari.it\/wp-content\/uploads\/2022\/03\/metalgennari-coperture-telescopiche-1024x1024.jpg 1024w, https:\/\/www.metalgennari.it\/wp-content\/uploads\/2022\/03\/metalgennari-coperture-telescopiche-150x150.jpg 150w, https:\/\/www.metalgennari.it\/wp-content\/uploads\/2022\/03\/metalgennari-coperture-telescopiche-768x768.jpg 768w, https:\/\/www.metalgennari.it\/wp-content\/uploads\/2022\/03\/metalgennari-coperture-telescopiche-600x600.jpg 600w, https:\/\/www.metalgennari.it\/wp-content\/uploads\/2022\/03\/metalgennari-coperture-telescopiche-100x100.jpg 100w, https:\/\/www.metalgennari.it\/wp-content\/uploads\/2022\/03\/metalgennari-coperture-telescopiche.jpg 1280w\" sizes=\"auto, (max-width: 300px) 100vw, 300px\" \/>\t\t\t\t\t\t\t\t\t<\/a>\n\t\t\t\t\t\t\t\t\t\t\t\t\t\t\t\t\t\t \t\t\t\t\t\t\t\t<\/div>\n\t\t\t\t\t\t\t\t<div class=\"image-tools top right show-on-hover\">\n\t\t\t\t\t\t\t\t\t\t\t\t\t\t\t\t\t<\/div>\n\t\t\t\t\t\t\t\t\t\t\t\t\t\t\t\t\t<div class=\"image-tools grid-tools text-center hide-for-small bottom hover-slide-in show-on-hover\">\n\t\t\t\t\t\t\t\t\t\t\t\t\t\t\t\t\t\t\t<\/div>\n\t\t\t\t\t\t\t\t\t\t\t\t\t\t\t\t\t\t\t\t\t\t\t<\/div>\n\n\t\t\t\t\t\t\t<div class=\"box-text text-center\" >\n\t\t\t\t\t\t\t\t<div class=\"title-wrapper\"><\/div><div class=\"price-wrapper\"><\/div>\t\t\t\t\t\t\t<\/div>\n\t\t\t\t\t\t<\/div>\n\t\t\t\t\t\t<\/div>\n\t\t\t\t\t<\/div>\n\t\t\t\t\t\t            \n\t\t\t\t\t\t            \t\n\t            \t<div class=\"col\" >\n\t\t\t\t\t\t<div class=\"col-inner\">\n\t\t\t\t\t\t\n<div class=\"badge-container absolute left top z-1\">\n<\/div>\n\t\t\t\t\t\t<div class=\"product-small box has-hover box-normal box-text-bottom\">\n\t\t\t\t\t\t\t<div class=\"box-image\" >\n\t\t\t\t\t\t\t\t<div class=\"\" >\n\t\t\t\t\t\t\t\t\t<a href=\"https:\/\/www.metalgennari.it\/fr\/prodotto\/apron-covers\/\" aria-label=\"Apron covers\">\n\t\t\t\t\t\t\t\t\t\t<img loading=\"lazy\" decoding=\"async\" width=\"300\" height=\"300\" src=\"https:\/\/www.metalgennari.it\/wp-content\/uploads\/2022\/03\/metalgennari-protezione-tapparella-300x300.jpg\" class=\"attachment-woocommerce_thumbnail size-woocommerce_thumbnail\" alt=\"metalgennari protezione tapparella\" srcset=\"https:\/\/www.metalgennari.it\/wp-content\/uploads\/2022\/03\/metalgennari-protezione-tapparella-300x300.jpg 300w, https:\/\/www.metalgennari.it\/wp-content\/uploads\/2022\/03\/metalgennari-protezione-tapparella-1024x1024.jpg 1024w, https:\/\/www.metalgennari.it\/wp-content\/uploads\/2022\/03\/metalgennari-protezione-tapparella-150x150.jpg 150w, https:\/\/www.metalgennari.it\/wp-content\/uploads\/2022\/03\/metalgennari-protezione-tapparella-768x768.jpg 768w, https:\/\/www.metalgennari.it\/wp-content\/uploads\/2022\/03\/metalgennari-protezione-tapparella-600x600.jpg 600w, https:\/\/www.metalgennari.it\/wp-content\/uploads\/2022\/03\/metalgennari-protezione-tapparella-100x100.jpg 100w, https:\/\/www.metalgennari.it\/wp-content\/uploads\/2022\/03\/metalgennari-protezione-tapparella.jpg 1280w\" sizes=\"auto, (max-width: 300px) 100vw, 300px\" \/>\t\t\t\t\t\t\t\t\t<\/a>\n\t\t\t\t\t\t\t\t\t\t\t\t\t\t\t\t\t\t \t\t\t\t\t\t\t\t<\/div>\n\t\t\t\t\t\t\t\t<div class=\"image-tools top right show-on-hover\">\n\t\t\t\t\t\t\t\t\t\t\t\t\t\t\t\t\t<\/div>\n\t\t\t\t\t\t\t\t\t\t\t\t\t\t\t\t\t<div class=\"image-tools grid-tools text-center hide-for-small bottom hover-slide-in show-on-hover\">\n\t\t\t\t\t\t\t\t\t\t\t\t\t\t\t\t\t\t\t<\/div>\n\t\t\t\t\t\t\t\t\t\t\t\t\t\t\t\t\t\t\t\t\t\t\t<\/div>\n\n\t\t\t\t\t\t\t<div class=\"box-text text-center\" >\n\t\t\t\t\t\t\t\t<div class=\"title-wrapper\"><\/div><div class=\"price-wrapper\"><\/div>\t\t\t\t\t\t\t<\/div>\n\t\t\t\t\t\t<\/div>\n\t\t\t\t\t\t<\/div>\n\t\t\t\t\t<\/div>\n\t\t\t\t\t\t            \t        <\/div>\n\n\n\t\t<\/div>\n\t\t\t\t\t<\/div>\n\n\t\n\n<\/div>\n\n","protected":false},"excerpt":{"rendered":"","protected":false},"author":2,"featured_media":0,"parent":0,"menu_order":0,"comment_status":"closed","ping_status":"closed","template":"","meta":{"inline_featured_image":false,"footnotes":""},"class_list":["post-2176","page","type-page","status-publish","hentry"],"_links":{"self":[{"href":"https:\/\/www.metalgennari.it\/fr\/wp-json\/wp\/v2\/pages\/2176","targetHints":{"allow":["GET"]}}],"collection":[{"href":"https:\/\/www.metalgennari.it\/fr\/wp-json\/wp\/v2\/pages"}],"about":[{"href":"https:\/\/www.metalgennari.it\/fr\/wp-json\/wp\/v2\/types\/page"}],"author":[{"embeddable":true,"href":"https:\/\/www.metalgennari.it\/fr\/wp-json\/wp\/v2\/users\/2"}],"replies":[{"embeddable":true,"href":"https:\/\/www.metalgennari.it\/fr\/wp-json\/wp\/v2\/comments?post=2176"}],"version-history":[{"count":0,"href":"https:\/\/www.metalgennari.it\/fr\/wp-json\/wp\/v2\/pages\/2176\/revisions"}],"wp:attachment":[{"href":"https:\/\/www.metalgennari.it\/fr\/wp-json\/wp\/v2\/media?parent=2176"}],"curies":[{"name":"wp","href":"https:\/\/api.w.org\/{rel}","templated":true}]}}