{"id":2169,"date":"2022-06-01T08:41:56","date_gmt":"2022-06-01T08:41:56","guid":{"rendered":"https:\/\/www.metalgennari.it\/?page_id=2169"},"modified":"2022-06-03T10:17:23","modified_gmt":"2022-06-03T10:17:23","slug":"catalogues-et-formulaires","status":"publish","type":"page","link":"https:\/\/www.metalgennari.it\/fr\/catalogues-et-formulaires\/","title":{"rendered":"Catalogues et Formulaires"},"content":{"rendered":"\n\t<section class=\"section\" id=\"section_989578154\">\n\t\t<div class=\"bg section-bg fill bg-fill  \" >\n\n\t\t\t\n\t\t\t\n\t\t\t\n\n\t\t<\/div>\n\n\t\t<div class=\"section-content relative\">\n\t\t\t\n\n<div class=\"row align-bottom align-center\"  id=\"row-1385387571\">\n\n\n\t<div id=\"col-368972696\" class=\"col small-12 large-12\"  >\n\t\t\t\t<div class=\"col-inner text-center\"  >\n\t\t\t\n\t\t\t\n\n\t<div id=\"text-478970911\" class=\"text fs-42\">\n\t\t\n\n<h1>Catalogues et Formulaires<\/h1>\n\t\t\n<style>\n#text-478970911 {\n  text-align: center;\n  color: rgb(253, 253, 253);\n}\n#text-478970911 > * {\n  color: rgb(253, 253, 253);\n}\n<\/style>\n\t<\/div>\n\t\n\t<div id=\"text-3160502461\" class=\"text mb-0\">\n\t\t\n\n<h4>Made in Italy<\/h4>\n\t\t\n<style>\n#text-3160502461 {\n  text-align: center;\n  color: rgb(255, 255, 255);\n}\n#text-3160502461 > * {\n  color: rgb(255, 255, 255);\n}\n<\/style>\n\t<\/div>\n\t\n\t<div class=\"img has-hover mw-100 x md-x lg-x y md-y lg-y\" id=\"image_734958431\">\n\t\t\t\t\t\t\t\t<div class=\"img-inner dark\" >\n\t\t\t<img loading=\"lazy\" decoding=\"async\" width=\"1020\" height=\"1020\" src=\"https:\/\/www.metalgennari.it\/wp-content\/uploads\/2021\/09\/metal-gennari-icon-bandiera-italia-barra.svg\" class=\"attachment-large size-large\" alt=\"metal gennari icon bandiera italia barra\" \/>\t\t\t\t\t\t\n\t\t\t\t\t<\/div>\n\t\t\t\t\t\t\t\t\n<style>\n#image_734958431 {\n  width: 100%;\n}\n<\/style>\n\t<\/div>\n\t\n\n\n\t\t<\/div>\n\t\t\t\t\t<\/div>\n\n\t\n\n\n<style>\n#row-1385387571 > .col > .col-inner {\n  padding: 70px 0px 0px 0px;\n}\n<\/style>\n<\/div>\n\n\t\t<\/div>\n\n\t\t\n<style>\n#section_989578154 {\n  padding-top: 0px;\n  padding-bottom: 0px;\n}\n#section_989578154 .section-bg.bg-loaded {\n  background-image: url(https:\/\/www.metalgennari.it\/wp-content\/uploads\/2021\/09\/metal-gennari-scarica-nostri-cataloghi-moduli.jpg);\n}\n<\/style>\n\t<\/section>\n\t\n\t<section class=\"section dark\" id=\"section_2028281212\">\n\t\t<div class=\"bg section-bg fill bg-fill  bg-loaded\" >\n\n\t\t\t\n\t\t\t\n\t\t\t\n\n\t\t<\/div>\n\n\t\t<div class=\"section-content relative\">\n\t\t\t\r\n\r\n<div class=\"row row-collapse align-middle align-center\"  id=\"row-2102972388\">\r\n\r\n\n\t<div id=\"col-1983964701\" class=\"col small-12 large-12\"  >\n\t\t\t\t<div class=\"col-inner text-center\" style=\"background-color:rgb(21, 26, 29);\" >\n\t\t\t\n\t\t\t\r\n\r\n\n\t<a class=\"plain\" href=\"https:\/\/www.metalgennari.it\/fr\/formulaires-de-demande-doffre\/\"  >\t<div class=\"icon-box featured-box inline-flex icon-box-center text-center\"  >\n\t\t\t\t\t<div class=\"icon-box-img\" style=\"width: 50px\">\n\t\t\t\t<div class=\"icon\">\n\t\t\t\t\t<div class=\"icon-inner\" >\n\t\t\t\t\t\t<img loading=\"lazy\" decoding=\"async\" width=\"300\" height=\"300\" src=\"https:\/\/www.metalgennari.it\/wp-content\/uploads\/2021\/09\/metal-gennari-icon-richiedi-offerta-banner.svg\" class=\"attachment-medium size-medium\" alt=\"metal gennari icon richiedi offerta banner\" \/>\t\t\t\t\t<\/div>\n\t\t\t\t<\/div>\n\t\t\t<\/div>\n\t\t\t\t<div class=\"icon-box-text last-reset\">\n\t\t\t\t\t\t\t\t\t\r\n\r\n\t<div id=\"text-3026814169\" class=\"text fs-24 richiedi-offerta\">\n\t\t\r\n\r\n<h3><a href=\"https:\/\/www.metalgennari.it\/fr\/formulaires-de-demande-doffre\/\">Demander une Offre<\/a><\/h3>\r\n\t\t\n<style>\n#text-3026814169 {\n  text-align: center;\n}\n<\/style>\n\t<\/div>\n\t\r\n\r\n\t\t<\/div>\n\t<\/div>\n\t<\/a>\n\t\r\n\r\n\t\t<\/div>\n\t\t\t\t\t<\/div>\n\n\t\r\n\r\n\n<style>\n#row-2102972388 > .col > .col-inner {\n  padding: 30px 0px 30px 0px;\n}\n<\/style>\n<\/div>\r\n\r\n\t\t<\/div>\n\n\t\t\n<style>\n#section_2028281212 {\n  padding-top: 0px;\n  padding-bottom: 0px;\n  margin-bottom: 0px;\n  background-color: rgb(21, 26, 29);\n}\n<\/style>\n\t<\/section>\n\t\n\n\t<section class=\"section\" id=\"section_1075466847\">\n\t\t<div class=\"bg section-bg fill bg-fill  bg-loaded\" >\n\n\t\t\t\n\t\t\t\n\t\t\t\n\n\t\t<\/div>\n\n\t\t<div class=\"section-content relative\">\n\t\t\t\n\n<div class=\"row row-collapse row-full-width align-equal\"  id=\"row-2061165498\">\n\n\n\t<div id=\"col-528546923\" class=\"col medium-6 small-12 large-6\"  >\n\t\t\t\t<div class=\"col-inner text-center\" style=\"background-color:rgb(240, 240, 240);\" >\n\t\t\t\n\t\t\t\n\n<div class=\"row row-collapse\"  id=\"row-1815527448\">\n\n\n\t<div id=\"col-1921217913\" class=\"col medium-11 small-12 large-8\"  >\n\t\t\t\t<div class=\"col-inner text-left\"  >\n\t\t\t\n\t\t\t\n\n\n\t\t<div class=\"icon-box featured-box inline-flex mw-200 icon-box-right text-right\"  style=\"margin:0px 0px 30px 0px;\">\n\t\t\t\t\t<div class=\"icon-box-img\" style=\"width: 45px\">\n\t\t\t\t<div class=\"icon\">\n\t\t\t\t\t<div class=\"icon-inner\" >\n\t\t\t\t\t\t<img loading=\"lazy\" decoding=\"async\" width=\"300\" height=\"300\" src=\"https:\/\/www.metalgennari.it\/wp-content\/uploads\/2021\/09\/metal-gennari-icon-cataloghi.svg\" class=\"attachment-medium size-medium\" alt=\"metal gennari icon cataloghi\" \/>\t\t\t\t\t<\/div>\n\t\t\t\t<\/div>\n\t\t\t<\/div>\n\t\t\t\t<div class=\"icon-box-text last-reset\">\n\t\t\t\t\t\t\t\t\t\n\n\t<div id=\"text-3741734668\" class=\"text fs-24\">\n\t\t\n\n<h3>Catalogues<\/h3>\n\t\t\n<style>\n#text-3741734668 {\n  text-align: left;\n}\n<\/style>\n\t<\/div>\n\t\n\n\t\t<\/div>\n\t<\/div>\n\t\n\t\n\t<div id=\"text-1962707966\" class=\"text pb-40\">\n\t\t\n\n<p>T\u00e9l\u00e9chargez les catalogues de nos principaux produits pour obtenir des informations d\u00e9taill\u00e9es et techniques.<\/p>\n\t\t\t<\/div>\n\t\n<div class=\"row row-collapse row-full-width\"  id=\"row-608835255\">\n\n\n\t<div id=\"col-1184044538\" class=\"col medium-12 small-12 large-12\"  >\n\t\t\t\t<div class=\"col-inner text-center\"  >\n\t\t\t\n\t\t\t\n\n\n\t<a class=\"plain\" href=\"http:\/\/stage.n-3.it\/metal-gennari\/wp-content\/uploads\/2022\/05\/Catalogo-Carenature_eng.pdf\" target=\"_blank\" rel=\"noopener noreferrer\" >\t<div class=\"icon-box featured-box icon-box-left text-left\"  style=\"margin:0px 0px 10px 0px;\">\n\t\t\t\t\t<div class=\"icon-box-img\" style=\"width: 20px\">\n\t\t\t\t<div class=\"icon\">\n\t\t\t\t\t<div class=\"icon-inner\" >\n\t\t\t\t\t\t<img loading=\"lazy\" decoding=\"async\" width=\"300\" height=\"300\" src=\"https:\/\/www.metalgennari.it\/wp-content\/uploads\/2021\/09\/metal-gennari-icon-download.svg\" class=\"attachment-medium size-medium\" alt=\"metal gennari icon download\" \/>\t\t\t\t\t<\/div>\n\t\t\t\t<\/div>\n\t\t\t<\/div>\n\t\t\t\t<div class=\"icon-box-text last-reset\">\n\t\t\t\t\t\t\t\t\t\n\n<p style=\"padding-top:10px\">Car\u00e9nages de protection<\/p>\n\n\t\t<\/div>\n\t<\/div>\n\t<\/a>\n\t\n\n\t<a class=\"plain\" href=\"http:\/\/stage.n-3.it\/metal-gennari\/wp-content\/uploads\/2022\/05\/Catalogo-Coperture-Telescopiche_eng.pdf\" target=\"_blank\" rel=\"noopener noreferrer\" >\t<div class=\"icon-box featured-box icon-box-left text-left\"  style=\"margin:0px 0px 10px 0px;\">\n\t\t\t\t\t<div class=\"icon-box-img\" style=\"width: 20px\">\n\t\t\t\t<div class=\"icon\">\n\t\t\t\t\t<div class=\"icon-inner\" >\n\t\t\t\t\t\t<img loading=\"lazy\" decoding=\"async\" width=\"300\" height=\"300\" src=\"https:\/\/www.metalgennari.it\/wp-content\/uploads\/2021\/09\/metal-gennari-icon-download.svg\" class=\"attachment-medium size-medium\" alt=\"metal gennari icon download\" \/>\t\t\t\t\t<\/div>\n\t\t\t\t<\/div>\n\t\t\t<\/div>\n\t\t\t\t<div class=\"icon-box-text last-reset\">\n\t\t\t\t\t\t\t\t\t\n\n<p style=\"padding-top:10px\">Protecteurs t\u00e9lescopiques<\/p>\n\n\t\t<\/div>\n\t<\/div>\n\t<\/a>\n\t\n\n\t<a class=\"plain\" href=\"http:\/\/stage.n-3.it\/metal-gennari\/wp-content\/uploads\/2022\/05\/Catalogo-Altri-Sistemi-di-Protezione_eng.pdf\" target=\"_blank\" rel=\"noopener noreferrer\" >\t<div class=\"icon-box featured-box icon-box-left text-left\"  style=\"margin:0px 0px 10px 0px;\">\n\t\t\t\t\t<div class=\"icon-box-img\" style=\"width: 20px\">\n\t\t\t\t<div class=\"icon\">\n\t\t\t\t\t<div class=\"icon-inner\" >\n\t\t\t\t\t\t<img loading=\"lazy\" decoding=\"async\" width=\"300\" height=\"300\" src=\"https:\/\/www.metalgennari.it\/wp-content\/uploads\/2021\/09\/metal-gennari-icon-download.svg\" class=\"attachment-medium size-medium\" alt=\"metal gennari icon download\" \/>\t\t\t\t\t<\/div>\n\t\t\t\t<\/div>\n\t\t\t<\/div>\n\t\t\t\t<div class=\"icon-box-text last-reset\">\n\t\t\t\t\t\t\t\t\t\n\n<p style=\"padding-top:10px\">Soufflets<\/p>\n\n\t\t<\/div>\n\t<\/div>\n\t<\/a>\n\t\n\n\t<a class=\"plain\" href=\"http:\/\/stage.n-3.it\/metal-gennari\/wp-content\/uploads\/2022\/05\/Catalogo-Trasportatori-Truciolo_eng.pdf\" target=\"_blank\" rel=\"noopener noreferrer\" >\t<div class=\"icon-box featured-box icon-box-left text-left\"  style=\"margin:0px 0px 10px 0px;\">\n\t\t\t\t\t<div class=\"icon-box-img\" style=\"width: 20px\">\n\t\t\t\t<div class=\"icon\">\n\t\t\t\t\t<div class=\"icon-inner\" >\n\t\t\t\t\t\t<img loading=\"lazy\" decoding=\"async\" width=\"300\" height=\"300\" src=\"https:\/\/www.metalgennari.it\/wp-content\/uploads\/2021\/09\/metal-gennari-icon-download.svg\" class=\"attachment-medium size-medium\" alt=\"metal gennari icon download\" \/>\t\t\t\t\t<\/div>\n\t\t\t\t<\/div>\n\t\t\t<\/div>\n\t\t\t\t<div class=\"icon-box-text last-reset\">\n\t\t\t\t\t\t\t\t\t\n\n<p style=\"padding-top:10px\">Convoyeurs de copeaux<\/p>\n\n\t\t<\/div>\n\t<\/div>\n\t<\/a>\n\t\n\n\t<a class=\"plain\" href=\"http:\/\/stage.n-3.it\/metal-gennari\/wp-content\/uploads\/2022\/05\/Catalogo-Sistemi-di-Filtrazione_eng.pdf\" target=\"_blank\" rel=\"noopener noreferrer\" >\t<div class=\"icon-box featured-box icon-box-left text-left\"  style=\"margin:0px 0px 10px 0px;\">\n\t\t\t\t\t<div class=\"icon-box-img\" style=\"width: 20px\">\n\t\t\t\t<div class=\"icon\">\n\t\t\t\t\t<div class=\"icon-inner\" >\n\t\t\t\t\t\t<img loading=\"lazy\" decoding=\"async\" width=\"300\" height=\"300\" src=\"https:\/\/www.metalgennari.it\/wp-content\/uploads\/2021\/09\/metal-gennari-icon-download.svg\" class=\"attachment-medium size-medium\" alt=\"metal gennari icon download\" \/>\t\t\t\t\t<\/div>\n\t\t\t\t<\/div>\n\t\t\t<\/div>\n\t\t\t\t<div class=\"icon-box-text last-reset\">\n\t\t\t\t\t\t\t\t\t\n\n<p style=\"padding-top:10px\">Syst\u00e8mes de filtration<\/p>\n\n\t\t<\/div>\n\t<\/div>\n\t<\/a>\n\t\n\n\t\t<\/div>\n\t\t\t\t\n<style>\n#col-1184044538 > .col-inner {\n  padding: 0px 0px 0px 00px;\n  margin: 0px 0px 0px -0px;\n}\n@media (min-width:550px) {\n  #col-1184044538 > .col-inner {\n    padding: 0px 0px 0px 0px;\n    margin: 0px 0px 0px 10px;\n  }\n}\n@media (min-width:850px) {\n  #col-1184044538 > .col-inner {\n    padding: 0px 0px 100px 0px;\n  }\n}\n<\/style>\n\t<\/div>\n\n\t\n\n<\/div>\n\n\t\t<\/div>\n\t\t\t\t\n<style>\n#col-1921217913 > .col-inner {\n  padding: 0px 0px 0px 0px;\n}\n@media (min-width:850px) {\n  #col-1921217913 > .col-inner {\n    padding: 100px 0px 0px 0px;\n  }\n}\n<\/style>\n\t<\/div>\n\n\t\n\n<\/div>\n\n\t\t<\/div>\n\t\t\t\t\n<style>\n#col-528546923 > .col-inner {\n  padding: 30px 20px 30px 20px;\n}\n@media (min-width:550px) {\n  #col-528546923 > .col-inner {\n    padding: 100px 20px 20px 20px;\n  }\n}\n<\/style>\n\t<\/div>\n\n\t\n\n\t<div id=\"col-415055216\" class=\"col medium-6 small-12 large-6 small-col-first\"  >\n\t\t\t\t<div class=\"col-inner text-center\"  >\n\t\t\t\n\t\t\t\n\n<div class=\"row\"  id=\"row-1062806681\">\n\n\n\t<div id=\"col-873200836\" class=\"col medium-10 small-12 large-8\"  >\n\t\t\t\t<div class=\"col-inner text-left\"  >\n\t\t\t\n\t\t\t\n\n\n\t\t<div class=\"icon-box featured-box inline-flex mw-200 icon-box-right text-right\"  style=\"margin:0px 0px 30px 0px;\">\n\t\t\t\t\t<div class=\"icon-box-img\" style=\"width: 45px\">\n\t\t\t\t<div class=\"icon\">\n\t\t\t\t\t<div class=\"icon-inner\" >\n\t\t\t\t\t\t<img loading=\"lazy\" decoding=\"async\" width=\"300\" height=\"300\" src=\"https:\/\/www.metalgennari.it\/wp-content\/uploads\/2021\/09\/metal-gennari-icon-moduli.svg\" class=\"attachment-medium size-medium\" alt=\"metal gennari icon moduli\" \/>\t\t\t\t\t<\/div>\n\t\t\t\t<\/div>\n\t\t\t<\/div>\n\t\t\t\t<div class=\"icon-box-text last-reset\">\n\t\t\t\t\t\t\t\t\t\n\n\t<div id=\"text-3853925551\" class=\"text\">\n\t\t\n\n<h3>Formulaires<\/h3>\n\t\t\n<style>\n#text-3853925551 {\n  text-align: left;\n}\n<\/style>\n\t<\/div>\n\t\n\n\t\t<\/div>\n\t<\/div>\n\t\n\t\n\t<div id=\"text-1992725845\" class=\"text\">\n\t\t\n\n<p>Demandez une offre pour le produit qui vous int\u00e9resse le plus. Remplissez le formulaire de demande d\u2019offre avec les informations requises. N\u2019ayez crainte, vous serez suivi pas \u00e0 pas.<\/p>\n\t\t\n<style>\n#text-1992725845 {\n  text-align: left;\n}\n<\/style>\n\t<\/div>\n\t\n\t<div id=\"gap-1329692635\" class=\"gap-element clearfix\" style=\"display:block; height:auto;\">\n\t\t\n<style>\n#gap-1329692635 {\n  padding-top: 40px;\n}\n<\/style>\n\t<\/div>\n\t\n\n<a href=\"https:\/\/www.metalgennari.it\/fr\/formulaires-de-demande-doffre\/\" target=\"_self\" class=\"button secondary is-outline\"  style=\"border-radius:5px;padding:5px 20px 5px 20px;\">\n    <span>Demander une offre<\/span>\n  <\/a>\n\n\n\n\t\t<\/div>\n\t\t\t\t\n<style>\n#col-873200836 > .col-inner {\n  padding: 30px 0px 20px 0px;\n}\n@media (min-width:550px) {\n  #col-873200836 > .col-inner {\n    padding: px 0px 0px 0px;\n  }\n}\n@media (min-width:850px) {\n  #col-873200836 > .col-inner {\n    padding: 100px 0px 0px 0px;\n  }\n}\n<\/style>\n\t<\/div>\n\n\t\n\n<\/div>\n\n\t\t<\/div>\n\t\t\t\t\n<style>\n#col-415055216 > .col-inner {\n  padding: 30px 20px 0px 20px;\n}\n@media (min-width:550px) {\n  #col-415055216 > .col-inner {\n    padding: 100px 20px 100px 20px;\n  }\n}\n<\/style>\n\t<\/div>\n\n\t\n\n<\/div>\n\n\t\t<\/div>\n\n\t\t\n<style>\n#section_1075466847 {\n  padding-top: 0px;\n  padding-bottom: 0px;\n}\n<\/style>\n\t<\/section>\n\t\n\n","protected":false},"excerpt":{"rendered":"","protected":false},"author":2,"featured_media":2742,"parent":0,"menu_order":0,"comment_status":"closed","ping_status":"closed","template":"","meta":{"inline_featured_image":false,"footnotes":""},"class_list":["post-2169","page","type-page","status-publish","has-post-thumbnail","hentry"],"_links":{"self":[{"href":"https:\/\/www.metalgennari.it\/fr\/wp-json\/wp\/v2\/pages\/2169","targetHints":{"allow":["GET"]}}],"collection":[{"href":"https:\/\/www.metalgennari.it\/fr\/wp-json\/wp\/v2\/pages"}],"about":[{"href":"https:\/\/www.metalgennari.it\/fr\/wp-json\/wp\/v2\/types\/page"}],"author":[{"embeddable":true,"href":"https:\/\/www.metalgennari.it\/fr\/wp-json\/wp\/v2\/users\/2"}],"replies":[{"embeddable":true,"href":"https:\/\/www.metalgennari.it\/fr\/wp-json\/wp\/v2\/comments?post=2169"}],"version-history":[{"count":0,"href":"https:\/\/www.metalgennari.it\/fr\/wp-json\/wp\/v2\/pages\/2169\/revisions"}],"wp:featuredmedia":[{"embeddable":true,"href":"https:\/\/www.metalgennari.it\/fr\/wp-json\/wp\/v2\/media\/2742"}],"wp:attachment":[{"href":"https:\/\/www.metalgennari.it\/fr\/wp-json\/wp\/v2\/media?parent=2169"}],"curies":[{"name":"wp","href":"https:\/\/api.w.org\/{rel}","templated":true}]}}