{"id":2358,"date":"2022-06-03T15:57:47","date_gmt":"2022-06-03T15:57:47","guid":{"rendered":"https:\/\/www.metalgennari.it\/?page_id=2358"},"modified":"2022-06-03T15:59:50","modified_gmt":"2022-06-03T15:59:50","slug":"ueberholung-und-instandsetzung","status":"publish","type":"page","link":"https:\/\/www.metalgennari.it\/de\/ueberholung-und-instandsetzung\/","title":{"rendered":"\u00dcberholung und Instandsetzung"},"content":{"rendered":"\n\t<section class=\"section\" id=\"section_1261807498\">\n\t\t<div class=\"bg section-bg fill bg-fill  \" >\n\n\t\t\t\n\t\t\t\n\t\t\t\n\n\t\t<\/div>\n\n\t\t<div class=\"section-content relative\">\n\t\t\t\n\n<div class=\"row align-bottom align-center\"  id=\"row-1081398642\">\n\n\n\t<div id=\"col-86212029\" class=\"col small-12 large-12\"  >\n\t\t\t\t<div class=\"col-inner text-center\"  >\n\t\t\t\n\t\t\t\n\n\t<div id=\"text-45081078\" class=\"text fs-42\">\n\t\t\n\n<h1>\u00dcberholung und Instandsetzung<\/h1>\n\t\t\n<style>\n#text-45081078 {\n  text-align: center;\n  color: rgb(253, 253, 253);\n}\n#text-45081078 > * {\n  color: rgb(253, 253, 253);\n}\n<\/style>\n\t<\/div>\n\t\n\t<div id=\"text-2992306493\" class=\"text mb-0\">\n\t\t\n\n<h4>Made in Italy<\/h4>\n\t\t\n<style>\n#text-2992306493 {\n  text-align: center;\n  color: rgb(255, 255, 255);\n}\n#text-2992306493 > * {\n  color: rgb(255, 255, 255);\n}\n<\/style>\n\t<\/div>\n\t\n\t<div class=\"img has-hover mw-100 x md-x lg-x y md-y lg-y\" id=\"image_721987026\">\n\t\t\t\t\t\t\t\t<div class=\"img-inner dark\" >\n\t\t\t<img loading=\"lazy\" decoding=\"async\" width=\"1020\" height=\"1020\" src=\"https:\/\/www.metalgennari.it\/wp-content\/uploads\/2021\/09\/metal-gennari-icon-bandiera-italia-barra.svg\" class=\"attachment-large size-large\" alt=\"metal gennari icon bandiera italia barra\" \/>\t\t\t\t\t\t\n\t\t\t\t\t<\/div>\n\t\t\t\t\t\t\t\t\n<style>\n#image_721987026 {\n  width: 100%;\n}\n<\/style>\n\t<\/div>\n\t\n\n\n\t\t<\/div>\n\t\t\t\t\t<\/div>\n\n\t\n\n\n<style>\n#row-1081398642 > .col > .col-inner {\n  padding: 70px 0px 0px 0px;\n}\n<\/style>\n<\/div>\n\n\t\t<\/div>\n\n\t\t\n<style>\n#section_1261807498 {\n  padding-top: 0px;\n  padding-bottom: 0px;\n}\n#section_1261807498 .section-bg.bg-loaded {\n  background-image: url(https:\/\/www.metalgennari.it\/wp-content\/uploads\/2021\/09\/metal-gennari-Raggruppa-230-1.jpg);\n}\n<\/style>\n\t<\/section>\n\t\n\t<section class=\"section dark\" id=\"section_437324282\">\n\t\t<div class=\"bg section-bg fill bg-fill  bg-loaded\" >\n\n\t\t\t\n\t\t\t\n\t\t\t\n\n\t\t<\/div>\n\n\t\t<div class=\"section-content relative\">\n\t\t\t\r\n\r\n<div class=\"row row-collapse align-middle align-center\"  id=\"row-1725252229\">\r\n\r\n\n\t<div id=\"col-733538648\" class=\"col small-12 large-12\"  >\n\t\t\t\t<div class=\"col-inner text-center\" style=\"background-color:rgb(21, 26, 29);\" >\n\t\t\t\n\t\t\t\r\n\r\n\n\t<a class=\"plain\" href=\"https:\/\/www.metalgennari.it\/de\/formulare-zur-angebotsanfrage\/\"  >\t<div class=\"icon-box featured-box inline-flex icon-box-center text-center\"  >\n\t\t\t\t\t<div class=\"icon-box-img\" style=\"width: 50px\">\n\t\t\t\t<div class=\"icon\">\n\t\t\t\t\t<div class=\"icon-inner\" >\n\t\t\t\t\t\t<img loading=\"lazy\" decoding=\"async\" width=\"300\" height=\"300\" src=\"https:\/\/www.metalgennari.it\/wp-content\/uploads\/2021\/09\/metal-gennari-icon-richiedi-offerta-banner.svg\" class=\"attachment-medium size-medium\" alt=\"metal gennari icon richiedi offerta banner\" \/>\t\t\t\t\t<\/div>\n\t\t\t\t<\/div>\n\t\t\t<\/div>\n\t\t\t\t<div class=\"icon-box-text last-reset\">\n\t\t\t\t\t\t\t\t\t\r\n\r\n\t<div id=\"text-759730476\" class=\"text fs-24 richiedi-offerta\">\n\t\t\r\n\r\n<h3><a href=\"https:\/\/www.metalgennari.it\/de\/formulare-zur-angebotsanfrage\/\">Angebot anfordern<\/a><\/h3>\r\n\t\t\n<style>\n#text-759730476 {\n  text-align: center;\n}\n<\/style>\n\t<\/div>\n\t\r\n\r\n\t\t<\/div>\n\t<\/div>\n\t<\/a>\n\t\r\n\r\n\t\t<\/div>\n\t\t\t\t\t<\/div>\n\n\t\r\n\r\n\n<style>\n#row-1725252229 > .col > .col-inner {\n  padding: 30px 0px 30px 0px;\n}\n<\/style>\n<\/div>\r\n\r\n\t\t<\/div>\n\n\t\t\n<style>\n#section_437324282 {\n  padding-top: 0px;\n  padding-bottom: 0px;\n  margin-bottom: 0px;\n  background-color: rgb(21, 26, 29);\n}\n<\/style>\n\t<\/section>\n\t\n\n\t<section class=\"section\" id=\"section_1180336468\">\n\t\t<div class=\"bg section-bg fill bg-fill  bg-loaded\" >\n\n\t\t\t\n\t\t\t\n\t\t\t\n\n\t\t<\/div>\n\n\t\t<div class=\"section-content relative\">\n\t\t\t\n\n<div class=\"row align-center\"  id=\"row-2075014243\">\n\n\n\t<div id=\"col-331039035\" class=\"col medium-10 small-12 large-8\"  >\n\t\t\t\t<div class=\"col-inner text-center\"  >\n\t\t\t\n\t\t\t\n\n\t<div id=\"text-941036500\" class=\"text fs-24\">\n\t\t\n\n<h3>Instandsetzung, Wiederherstellung der Funktionsf\u00e4higkeit und \u00c4nderung<\/h3>\n\t\t\n<style>\n#text-941036500 {\n  color: rgb(0,0,0);\n}\n#text-941036500 > * {\n  color: rgb(0,0,0);\n}\n<\/style>\n\t<\/div>\n\t\n\t<div id=\"gap-1900838887\" class=\"gap-element clearfix\" style=\"display:block; height:auto;\">\n\t\t\n<style>\n#gap-1900838887 {\n  padding-top: 40px;\n}\n@media (min-width:850px) {\n  #gap-1900838887 {\n    padding-top: 50px;\n  }\n}\n<\/style>\n\t<\/div>\n\t\n\n<p>Um dem Kunden einen besseren Service bieten zu k\u00f6nnen, ist Metal Gennari in der Lage, die \u00dcberholung und Instandsetzung von Teleskopabdeckungen, Sp\u00e4nef\u00f6rderern und anderen Schutzsystemen nach vorheriger Angebotsabgabe in seinen R\u00e4umlichkeiten durchzuf\u00fchren.<\/p>\n<p>Wenn das erhaltene Produkt zu besch\u00e4digt oder mit unseren Ersatzteilen nicht kompatibel ist, kann Metal Gennari eine neue Teleskopabdeckung bzw. einen neuen Sp\u00e4nef\u00f6rderer gem\u00e4\u00df dem erhaltenen Muster liefern.<\/p>\n\n\t\t<\/div>\n\t\t\t\t\n<style>\n#col-331039035 > .col-inner {\n  padding: 50px 10px 0px 10px;\n}\n@media (min-width:550px) {\n  #col-331039035 > .col-inner {\n    padding: 50px 0px 0px 0px;\n  }\n}\n<\/style>\n\t<\/div>\n\n\t\n\n<\/div>\n<div class=\"row align-bottom align-center\" style=\"max-width:\" id=\"row-696524802\">\n\n\n\t<div id=\"col-1090457257\" class=\"col medium-10 small-12 large-8\"  >\n\t\t\t\t<div class=\"col-inner text-center\"  >\n\t\t\t\n\t\t\t\n\n\t<div id=\"stack-4148160704\" class=\"stack stack-row justify-center items-end sm:stack-col sm:items-center\">\n\t\t\n\n\n\t\t<div class=\"icon-box featured-box icon-box-center text-center\"  >\n\t\t\t\t\t<div class=\"icon-box-img\" style=\"width: 50px\">\n\t\t\t\t<div class=\"icon\">\n\t\t\t\t\t<div class=\"icon-inner\" >\n\t\t\t\t\t\t<img loading=\"lazy\" decoding=\"async\" width=\"300\" height=\"300\" src=\"https:\/\/www.metalgennari.it\/wp-content\/uploads\/2021\/09\/metal-gennari-icon-tecnici-certificati.svg\" class=\"attachment-medium size-medium\" alt=\"metal gennari icon tecnici certificati\" \/>\t\t\t\t\t<\/div>\n\t\t\t\t<\/div>\n\t\t\t<\/div>\n\t\t\t\t<div class=\"icon-box-text last-reset\">\n\t\t\t\t\t\t\t\t\t\n\n\t<div id=\"text-646098723\" class=\"text fs-24\">\n\t\t\n\n<h3>Zertifizierte Techniker<\/h3>\n\t\t\n<style>\n#text-646098723 {\n  color: rgb(0,0,0);\n}\n#text-646098723 > * {\n  color: rgb(0,0,0);\n}\n<\/style>\n\t<\/div>\n\t\n\n\t\t<\/div>\n\t<\/div>\n\t\n\t\n\n\t\t<div class=\"icon-box featured-box icon-box-center text-center\"  >\n\t\t\t\t\t<div class=\"icon-box-img\" style=\"width: 50px\">\n\t\t\t\t<div class=\"icon\">\n\t\t\t\t\t<div class=\"icon-inner\" >\n\t\t\t\t\t\t<img loading=\"lazy\" decoding=\"async\" width=\"300\" height=\"300\" src=\"https:\/\/www.metalgennari.it\/wp-content\/uploads\/2021\/09\/metal-gennari-icon-garanzia.svg\" class=\"attachment-medium size-medium\" alt=\"metal gennari icon garanzia\" \/>\t\t\t\t\t<\/div>\n\t\t\t\t<\/div>\n\t\t\t<\/div>\n\t\t\t\t<div class=\"icon-box-text last-reset\">\n\t\t\t\t\t\t\t\t\t\n\n\t<div id=\"text-2698246397\" class=\"text fs-24\">\n\t\t\n\n<h3>Garantie<\/h3>\n\t\t\n<style>\n#text-2698246397 {\n  color: rgb(0,0,0);\n}\n#text-2698246397 > * {\n  color: rgb(0,0,0);\n}\n<\/style>\n\t<\/div>\n\t\n\n\t\t<\/div>\n\t<\/div>\n\t\n\t\n\n\t\t<div class=\"icon-box featured-box icon-box-center text-center\"  >\n\t\t\t\t\t<div class=\"icon-box-img\" style=\"width: 50px\">\n\t\t\t\t<div class=\"icon\">\n\t\t\t\t\t<div class=\"icon-inner\" >\n\t\t\t\t\t\t<img loading=\"lazy\" decoding=\"async\" width=\"300\" height=\"300\" src=\"https:\/\/www.metalgennari.it\/wp-content\/uploads\/2021\/09\/metal-gennari-icon-qualita.svg\" class=\"attachment-medium size-medium\" alt=\"metal gennari icon qualita\" \/>\t\t\t\t\t<\/div>\n\t\t\t\t<\/div>\n\t\t\t<\/div>\n\t\t\t\t<div class=\"icon-box-text last-reset\">\n\t\t\t\t\t\t\t\t\t\n\n\t<div id=\"text-1209711775\" class=\"text fs-24\">\n\t\t\n\n<h3>Qualit\u00e4ts-Ersatzteile\n<\/h3>\n\t\t\n<style>\n#text-1209711775 {\n  color: rgb(0,0,0);\n}\n#text-1209711775 > * {\n  color: rgb(0,0,0);\n}\n<\/style>\n\t<\/div>\n\t\n\n\t\t<\/div>\n\t<\/div>\n\t\n\t\n\n\t\t\n<style>\n#stack-4148160704 > * {\n  --stack-gap: 2rem;\n}\n@media (min-width:550px) {\n  #stack-4148160704 > * {\n    --stack-gap: 4rem;\n  }\n}\n<\/style>\n\t<\/div>\n\t\n\n\t\t<\/div>\n\t\t\t\t\t<\/div>\n\n\t\n\n\n<style>\n#row-696524802 > .col > .col-inner {\n  padding: 0px 0px 30px 0px;\n}\n<\/style>\n<\/div>\n\n\t\t<\/div>\n\n\t\t\n<style>\n#section_1180336468 {\n  padding-top: 0px;\n  padding-bottom: 0px;\n  min-height: 300px;\n}\n<\/style>\n\t<\/section>\n\t\n<div class=\"row row-collapse row-full-width align-equal align-center\"  id=\"row-1564704334\">\n\n\n\t<div id=\"col-631869957\" class=\"col medium-6 small-12 large-6\"  >\n\t\t\t\t<div class=\"col-inner text-center\" style=\"background-color:rgb(250, 202, 48);\" >\n\t\t\t\n\t\t\t\n\n<div class=\"row align-center\"  id=\"row-1161355953\">\n\n\n\t<div id=\"col-925445885\" class=\"col small-10 large-12\"  >\n\t\t\t\t<div class=\"col-inner\"  >\n\t\t\t\n\t\t\t\n\n\n\t\t<div class=\"icon-box featured-box center mw-400 icon-box-center text-center\"  >\n\t\t\t\t\t<div class=\"icon-box-img\" style=\"width: 80px\">\n\t\t\t\t<div class=\"icon\">\n\t\t\t\t\t<div class=\"icon-inner\" >\n\t\t\t\t\t\t<img loading=\"lazy\" decoding=\"async\" width=\"300\" height=\"300\" src=\"https:\/\/www.metalgennari.it\/wp-content\/uploads\/2021\/09\/metal-gennari-icon-revisione.svg\" class=\"attachment-medium size-medium\" alt=\"metal gennari icon revisione\" \/>\t\t\t\t\t<\/div>\n\t\t\t\t<\/div>\n\t\t\t<\/div>\n\t\t\t\t<div class=\"icon-box-text last-reset\">\n\t\t\t\t\t\t\t\t\t\n\n\t<div id=\"text-336842696\" class=\"text fs-24\">\n\t\t\n\n<h3>\u00dcberholung<\/h3>\n\t\t\n<style>\n#text-336842696 {\n  text-align: center;\n  color: rgb(0,0,0);\n}\n#text-336842696 > * {\n  color: rgb(0,0,0);\n}\n<\/style>\n\t<\/div>\n\t\n\t<div id=\"text-3437741314\" class=\"text pt-40 pb-40\">\n\t\t\n\n<p>Eingehende Bewertung des Abnutzungszustands des erhaltenen Produkts, um festzustellen, ob die Instandsetzung f\u00fcr beide Parteien wirtschaftlich vorteilhaft sein kann.<\/p>\n\t\t\n<style>\n#text-3437741314 {\n  text-align: center;\n}\n<\/style>\n\t<\/div>\n\t\n\n\t\t<\/div>\n\t<\/div>\n\t\n\t\n<a href=\"mailto:uff.commerciale@metalgennari.it?subject=Richiesta%20appuntamento%20per%20revisione\" target=\"_self\" class=\"button secondary is-outline lowercase pt-40\"  style=\"border-radius:5px;padding:5px 15px 5px 15px;\">\n    <span>Einen Termin anfragen<\/span>\n  <\/a>\n\n\n\n\t\t<\/div>\n\t\t\t\t\n<style>\n#col-925445885 > .col-inner {\n  padding: 30px 0px 0px 0px;\n}\n<\/style>\n\t<\/div>\n\n\t\n\n<\/div>\n\n\t\t<\/div>\n\t\t\t\t\t<\/div>\n\n\t\n\n\t<div id=\"col-1985709187\" class=\"col medium-6 small-12 large-6\"  >\n\t\t\t\t<div class=\"col-inner text-center\" style=\"background-color:rgb(0,0,0);\" >\n\t\t\t\n\t\t\t\n\n<div class=\"row align-center\"  id=\"row-543488795\">\n\n\n\t<div id=\"col-946181508\" class=\"col small-10 large-12\"  >\n\t\t\t\t<div class=\"col-inner text-center\"  >\n\t\t\t\n\t\t\t\n\n\n\t\t<div class=\"icon-box featured-box center mw-400 icon-box-center text-center\"  >\n\t\t\t\t\t<div class=\"icon-box-img\" style=\"width: 80px\">\n\t\t\t\t<div class=\"icon\">\n\t\t\t\t\t<div class=\"icon-inner\" >\n\t\t\t\t\t\t<img loading=\"lazy\" decoding=\"async\" width=\"300\" height=\"300\" src=\"https:\/\/www.metalgennari.it\/wp-content\/uploads\/2021\/09\/metal-gennari-icon-riparazione.svg\" class=\"attachment-medium size-medium\" alt=\"metal gennari icon riparazione\" \/>\t\t\t\t\t<\/div>\n\t\t\t\t<\/div>\n\t\t\t<\/div>\n\t\t\t\t<div class=\"icon-box-text last-reset\">\n\t\t\t\t\t\t\t\t\t\n\n\t<div id=\"text-42578850\" class=\"text fs-24\">\n\t\t\n\n<h3>Instandsetzung<\/h3>\n\t\t\n<style>\n#text-42578850 {\n  text-align: center;\n  color: rgb(255, 255, 255);\n}\n#text-42578850 > * {\n  color: rgb(255, 255, 255);\n}\n<\/style>\n\t<\/div>\n\t\n\t<div id=\"text-2274192984\" class=\"text pt-40 pb-40\">\n\t\t\n\n<p>Allgemeine Instandsetzung der Schutzverkleidung im Metallbau des erhaltenen Produkts, Austausch der wichtigsten Bestandteile durch Ersatzteile von Metal Gennari und Funktionspr\u00fcfung.<\/p>\n\t\t\n<style>\n#text-2274192984 {\n  text-align: center;\n  color: rgb(255, 255, 255);\n}\n#text-2274192984 > * {\n  color: rgb(255, 255, 255);\n}\n<\/style>\n\t<\/div>\n\t\n\n\t\t<\/div>\n\t<\/div>\n\t\n\t\n<a href=\"mailto:uff.commerciale@metalgennari.it?subject=Richiesta%20appuntamento%20per%20riparazione\" target=\"_self\" class=\"button primary is-outline lowercase pt-40 secondary-btn\"  style=\"border-radius:5px;padding:5px 15px 5px 15px;\">\n    <span>Einen Termin anfragen<\/span>\n  <\/a>\n\n\n\n\t\t<\/div>\n\t\t\t\t\n<style>\n#col-946181508 > .col-inner {\n  padding: 30px 0px 0px 0px;\n}\n<\/style>\n\t<\/div>\n\n\t\n\n<\/div>\n\n\t\t<\/div>\n\t\t\t\t\t<\/div>\n\n\t\n\n\n<style>\n#row-1564704334 > .col > .col-inner {\n  padding: 50px 0px 50px 0px;\n}\n<\/style>\n<\/div>\n\n","protected":false},"excerpt":{"rendered":"","protected":false},"author":2,"featured_media":2716,"parent":0,"menu_order":0,"comment_status":"closed","ping_status":"closed","template":"","meta":{"inline_featured_image":false,"footnotes":""},"class_list":["post-2358","page","type-page","status-publish","has-post-thumbnail","hentry"],"_links":{"self":[{"href":"https:\/\/www.metalgennari.it\/de\/wp-json\/wp\/v2\/pages\/2358","targetHints":{"allow":["GET"]}}],"collection":[{"href":"https:\/\/www.metalgennari.it\/de\/wp-json\/wp\/v2\/pages"}],"about":[{"href":"https:\/\/www.metalgennari.it\/de\/wp-json\/wp\/v2\/types\/page"}],"author":[{"embeddable":true,"href":"https:\/\/www.metalgennari.it\/de\/wp-json\/wp\/v2\/users\/2"}],"replies":[{"embeddable":true,"href":"https:\/\/www.metalgennari.it\/de\/wp-json\/wp\/v2\/comments?post=2358"}],"version-history":[{"count":0,"href":"https:\/\/www.metalgennari.it\/de\/wp-json\/wp\/v2\/pages\/2358\/revisions"}],"wp:featuredmedia":[{"embeddable":true,"href":"https:\/\/www.metalgennari.it\/de\/wp-json\/wp\/v2\/media\/2716"}],"wp:attachment":[{"href":"https:\/\/www.metalgennari.it\/de\/wp-json\/wp\/v2\/media?parent=2358"}],"curies":[{"name":"wp","href":"https:\/\/api.w.org\/{rel}","templated":true}]}}