{"id":2326,"date":"2022-06-03T15:06:02","date_gmt":"2022-06-03T15:06:02","guid":{"rendered":"https:\/\/www.metalgennari.it\/?page_id=2326"},"modified":"2022-06-09T13:47:12","modified_gmt":"2022-06-09T13:47:12","slug":"montage-und-kundendienst","status":"publish","type":"page","link":"https:\/\/www.metalgennari.it\/de\/montage-und-kundendienst\/","title":{"rendered":"Montage und Kundendienst"},"content":{"rendered":"\n\t<section class=\"section\" id=\"section_969783642\">\n\t\t<div class=\"bg section-bg fill bg-fill  \" >\n\n\t\t\t\n\t\t\t\n\t\t\t\n\n\t\t<\/div>\n\n\t\t<div class=\"section-content relative\">\n\t\t\t\n\n<div class=\"row align-bottom align-center\"  id=\"row-1599857941\">\n\n\n\t<div id=\"col-1629425920\" class=\"col small-12 large-12\"  >\n\t\t\t\t<div class=\"col-inner text-center\"  >\n\t\t\t\n\t\t\t\n\n\t<div id=\"text-1122806601\" class=\"text fs-42\">\n\t\t\n\n<h1>Montage und Kundendienst<\/h1>\n\t\t\n<style>\n#text-1122806601 {\n  text-align: center;\n  color: rgb(253, 253, 253);\n}\n#text-1122806601 > * {\n  color: rgb(253, 253, 253);\n}\n<\/style>\n\t<\/div>\n\t\n\t<div id=\"text-2948080102\" class=\"text mb-0\">\n\t\t\n\n<h4>Made in Italy<\/h4>\n\t\t\n<style>\n#text-2948080102 {\n  text-align: center;\n  color: rgb(255, 255, 255);\n}\n#text-2948080102 > * {\n  color: rgb(255, 255, 255);\n}\n<\/style>\n\t<\/div>\n\t\n\t<div class=\"img has-hover mw-100 x md-x lg-x y md-y lg-y\" id=\"image_1478096880\">\n\t\t\t\t\t\t\t\t<div class=\"img-inner dark\" >\n\t\t\t<img loading=\"lazy\" decoding=\"async\" width=\"1020\" height=\"1020\" src=\"https:\/\/www.metalgennari.it\/wp-content\/uploads\/2021\/09\/metal-gennari-icon-bandiera-italia-barra.svg\" class=\"attachment-large size-large\" alt=\"metal gennari icon bandiera italia barra\" \/>\t\t\t\t\t\t\n\t\t\t\t\t<\/div>\n\t\t\t\t\t\t\t\t\n<style>\n#image_1478096880 {\n  width: 100%;\n}\n<\/style>\n\t<\/div>\n\t\n\n\n\t\t<\/div>\n\t\t\t\t\t<\/div>\n\n\t\n\n\n<style>\n#row-1599857941 > .col > .col-inner {\n  padding: 70px 0px 0px 0px;\n}\n<\/style>\n<\/div>\n\n\t\t<\/div>\n\n\t\t\n<style>\n#section_969783642 {\n  padding-top: 0px;\n  padding-bottom: 0px;\n}\n#section_969783642 .section-bg.bg-loaded {\n  background-image: url(https:\/\/www.metalgennari.it\/wp-content\/uploads\/2021\/09\/metal-gennari-ufficio-produzione-made-in-italy.jpg);\n}\n<\/style>\n\t<\/section>\n\t\n\t<section class=\"section dark\" id=\"section_676785154\">\n\t\t<div class=\"bg section-bg fill bg-fill  bg-loaded\" >\n\n\t\t\t\n\t\t\t\n\t\t\t\n\n\t\t<\/div>\n\n\t\t<div class=\"section-content relative\">\n\t\t\t\r\n\r\n<div class=\"row row-collapse align-middle align-center\"  id=\"row-1480240489\">\r\n\r\n\n\t<div id=\"col-1214700080\" class=\"col small-12 large-12\"  >\n\t\t\t\t<div class=\"col-inner text-center\" style=\"background-color:rgb(21, 26, 29);\" >\n\t\t\t\n\t\t\t\r\n\r\n\n\t<a class=\"plain\" href=\"https:\/\/www.metalgennari.it\/de\/formulare-zur-angebotsanfrage\/\"  >\t<div class=\"icon-box featured-box inline-flex icon-box-center text-center\"  >\n\t\t\t\t\t<div class=\"icon-box-img\" style=\"width: 50px\">\n\t\t\t\t<div class=\"icon\">\n\t\t\t\t\t<div class=\"icon-inner\" >\n\t\t\t\t\t\t<img loading=\"lazy\" decoding=\"async\" width=\"300\" height=\"300\" src=\"https:\/\/www.metalgennari.it\/wp-content\/uploads\/2021\/09\/metal-gennari-icon-richiedi-offerta-banner.svg\" class=\"attachment-medium size-medium\" alt=\"metal gennari icon richiedi offerta banner\" \/>\t\t\t\t\t<\/div>\n\t\t\t\t<\/div>\n\t\t\t<\/div>\n\t\t\t\t<div class=\"icon-box-text last-reset\">\n\t\t\t\t\t\t\t\t\t\r\n\r\n\t<div id=\"text-2390834304\" class=\"text fs-24 richiedi-offerta\">\n\t\t\r\n\r\n<h3><a href=\"https:\/\/www.metalgennari.it\/de\/formulare-zur-angebotsanfrage\/\">Angebot anfordern<\/a><\/h3>\r\n\t\t\n<style>\n#text-2390834304 {\n  text-align: center;\n}\n<\/style>\n\t<\/div>\n\t\r\n\r\n\t\t<\/div>\n\t<\/div>\n\t<\/a>\n\t\r\n\r\n\t\t<\/div>\n\t\t\t\t\t<\/div>\n\n\t\r\n\r\n\n<style>\n#row-1480240489 > .col > .col-inner {\n  padding: 30px 0px 30px 0px;\n}\n<\/style>\n<\/div>\r\n\r\n\t\t<\/div>\n\n\t\t\n<style>\n#section_676785154 {\n  padding-top: 0px;\n  padding-bottom: 0px;\n  margin-bottom: 0px;\n  background-color: rgb(21, 26, 29);\n}\n<\/style>\n\t<\/section>\n\t\n\n\t<section class=\"section\" id=\"section_39487634\">\n\t\t<div class=\"bg section-bg fill bg-fill  bg-loaded\" >\n\n\t\t\t\n\t\t\t\n\t\t\t\n\n\t\t<\/div>\n\n\t\t<div class=\"section-content relative\">\n\t\t\t\n\n<div class=\"row row-collapse row-full-width align-equal align-center\"  id=\"row-1522520553\">\n\n\n\t<div id=\"col-2108800601\" class=\"col medium-12 small-12 large-6\"  >\n\t\t\t\t<div class=\"col-inner text-center\" style=\"background-color:rgb(240, 240, 240);\" >\n\t\t\t\n\t\t\t\n\n<div class=\"row align-center\"  id=\"row-327917812\">\n\n\n\t<div id=\"col-100127118\" class=\"col medium-7 small-10 large-7\"  >\n\t\t\t\t<div class=\"col-inner\"  >\n\t\t\t\n\t\t\t\n\n\n\t\t<div class=\"icon-box featured-box icon-box-center text-center\"  >\n\t\t\t\t\t<div class=\"icon-box-img\" style=\"width: 70px\">\n\t\t\t\t<div class=\"icon\">\n\t\t\t\t\t<div class=\"icon-inner\" >\n\t\t\t\t\t\t<img loading=\"lazy\" decoding=\"async\" width=\"300\" height=\"300\" src=\"https:\/\/www.metalgennari.it\/wp-content\/uploads\/2021\/09\/metal-gennari-icon-montaggio-1.svg\" class=\"attachment-medium size-medium\" alt=\"metal gennari icon montaggio\" \/>\t\t\t\t\t<\/div>\n\t\t\t\t<\/div>\n\t\t\t<\/div>\n\t\t\t\t<div class=\"icon-box-text last-reset\">\n\t\t\t\t\t\t\t\t\t\n\n\t<div id=\"text-1081528292\" class=\"text fs-24\">\n\t\t\n\n<h3>Montage<\/h3>\n\t\t\t<\/div>\n\t\n\t<div id=\"text-2465944762\" class=\"text pt-40 pb-40\">\n\t\t\n\n<p>Jedes einzelne Produkt wird im Haus zusammengebaut und getestet, um seine Funktionsf\u00e4higkeit zu \u00fcberpr\u00fcfen. Bei Bedarf k\u00f6nnen Sie die Endmontage unserer Produkte anfordern. Montagepreise anfordern. <\/p>\n\t\t\n<style>\n#text-2465944762 {\n  color: rgb(0,0,0);\n}\n#text-2465944762 > * {\n  color: rgb(0,0,0);\n}\n<\/style>\n\t<\/div>\n\t\n\n\t\t<\/div>\n\t<\/div>\n\t\n\t\n<a href=\"mailto:uff.commerciale@metalgennari.it?subject=Richiesta%20tariffe%20di%20montaggio\" target=\"_self\" class=\"button secondary is-outline lowercase richiedi-btn\"  style=\"border-radius:5px;\">\n    <span>Fragen Sie nach Montagepreisen<\/span>\n  <\/a>\n\n\n\n\t\t<\/div>\n\t\t\t\t\t<\/div>\n\n\t\n\n<\/div>\n\n\t\t<\/div>\n\t\t\t\t\n<style>\n#col-2108800601 > .col-inner {\n  padding: 0px 20px 0px 20px;\n}\n<\/style>\n\t<\/div>\n\n\t\n\n\t<div id=\"col-293252688\" class=\"col medium-12 small-12 large-6 small-col-first\"  >\n\t\t\t\t<div class=\"col-inner text-center\"  >\n\t\t\t\n\t\t\t\n\n<div class=\"row align-center\"  id=\"row-1732178221\">\n\n\n\t<div id=\"col-1398007886\" class=\"col medium-7 small-10 large-6\"  >\n\t\t\t\t<div class=\"col-inner text-center\"  >\n\t\t\t\n\t\t\t\n\n\n\t\t<div class=\"icon-box featured-box mw-400 icon-box-center text-center\"  >\n\t\t\t\t\t<div class=\"icon-box-img\" style=\"width: 70px\">\n\t\t\t\t<div class=\"icon\">\n\t\t\t\t\t<div class=\"icon-inner\" >\n\t\t\t\t\t\t<img loading=\"lazy\" decoding=\"async\" width=\"300\" height=\"300\" src=\"https:\/\/www.metalgennari.it\/wp-content\/uploads\/2021\/09\/metal-gennari-icon-post-vendita.svg\" class=\"attachment-medium size-medium\" alt=\"metal gennari icon post vendita\" \/>\t\t\t\t\t<\/div>\n\t\t\t\t<\/div>\n\t\t\t<\/div>\n\t\t\t\t<div class=\"icon-box-text last-reset\">\n\t\t\t\t\t\t\t\t\t\n\n\t<div id=\"text-2823057009\" class=\"text fs-24\">\n\t\t\n\n<h3>Dienstleistungen nach dem Verkauf<\/h3>\n\t\t\t<\/div>\n\t\n\t<div id=\"text-1073101827\" class=\"text pt-40 pb-40\">\n\t\t\n\n<p>Beantragen Sie Wartungs- und\/oder Reparaturarbeiten durch unsere Servicetechniker. Die Zufriedenheit eines jeden Kunden liegt uns besonders am Herzen. Preise f\u00fcr Wartungs- und Reparaturarbeiten anfordern.<\/p>\n\t\t\n<style>\n#text-1073101827 {\n  color: rgb(0,0,0);\n}\n#text-1073101827 > * {\n  color: rgb(0,0,0);\n}\n<\/style>\n\t<\/div>\n\t\n\n\t\t<\/div>\n\t<\/div>\n\t\n\t\n<a href=\"mailto:uff.commerciale@metalgennari.it?subject=Richiesta%20tariffe%20di%20intervento\" target=\"_self\" class=\"button secondary is-outline lowercase richiedi-btn\"  style=\"border-radius:5px;\">\n    <span>Interventionss\u00e4tze anfordern<\/span>\n  <\/a>\n\n\n\n\t\t<\/div>\n\t\t\t\t\t<\/div>\n\n\t\n\n<\/div>\n\n\t\t<\/div>\n\t\t\t\t\n<style>\n#col-293252688 > .col-inner {\n  padding: 0px 20px 0px 20px;\n}\n<\/style>\n\t<\/div>\n\n\t\n\n\n<style>\n#row-1522520553 > .col > .col-inner {\n  padding: 100px 0px 100px 0px;\n}\n<\/style>\n<\/div>\n\n\t\t<\/div>\n\n\t\t\n<style>\n#section_39487634 {\n  padding-top: 0px;\n  padding-bottom: 0px;\n}\n<\/style>\n\t<\/section>\n\t\n\n","protected":false},"excerpt":{"rendered":"","protected":false},"author":2,"featured_media":2716,"parent":0,"menu_order":0,"comment_status":"closed","ping_status":"closed","template":"","meta":{"inline_featured_image":false,"footnotes":""},"class_list":["post-2326","page","type-page","status-publish","has-post-thumbnail","hentry"],"_links":{"self":[{"href":"https:\/\/www.metalgennari.it\/de\/wp-json\/wp\/v2\/pages\/2326","targetHints":{"allow":["GET"]}}],"collection":[{"href":"https:\/\/www.metalgennari.it\/de\/wp-json\/wp\/v2\/pages"}],"about":[{"href":"https:\/\/www.metalgennari.it\/de\/wp-json\/wp\/v2\/types\/page"}],"author":[{"embeddable":true,"href":"https:\/\/www.metalgennari.it\/de\/wp-json\/wp\/v2\/users\/2"}],"replies":[{"embeddable":true,"href":"https:\/\/www.metalgennari.it\/de\/wp-json\/wp\/v2\/comments?post=2326"}],"version-history":[{"count":0,"href":"https:\/\/www.metalgennari.it\/de\/wp-json\/wp\/v2\/pages\/2326\/revisions"}],"wp:featuredmedia":[{"embeddable":true,"href":"https:\/\/www.metalgennari.it\/de\/wp-json\/wp\/v2\/media\/2716"}],"wp:attachment":[{"href":"https:\/\/www.metalgennari.it\/de\/wp-json\/wp\/v2\/media?parent=2326"}],"curies":[{"name":"wp","href":"https:\/\/api.w.org\/{rel}","templated":true}]}}