{"id":2323,"date":"2022-06-03T15:01:37","date_gmt":"2022-06-03T15:01:37","guid":{"rendered":"https:\/\/www.metalgennari.it\/?page_id=2323"},"modified":"2022-06-29T13:24:38","modified_gmt":"2022-06-29T13:24:38","slug":"formulare-zur-angebotsanfrage","status":"publish","type":"page","link":"https:\/\/www.metalgennari.it\/de\/formulare-zur-angebotsanfrage\/","title":{"rendered":"Formulare zur Angebotsanfrage"},"content":{"rendered":"\n\t<section class=\"section\" id=\"section_137597020\">\n\t\t<div class=\"bg section-bg fill bg-fill  \" >\n\n\t\t\t\n\t\t\t\n\t\t\t\n\n\t\t<\/div>\n\n\t\t<div class=\"section-content relative\">\n\t\t\t\n\n<div class=\"row align-bottom align-center\"  id=\"row-2025101702\">\n\n\n\t<div id=\"col-1967476077\" class=\"col small-12 large-12\"  >\n\t\t\t\t<div class=\"col-inner text-center\"  >\n\t\t\t\n\t\t\t\n\n\t<div id=\"text-1575566438\" class=\"text fs-42\">\n\t\t\n\n<h1>Formulare zur Angebotsanfrage<\/h1>\n\t\t\n<style>\n#text-1575566438 {\n  text-align: center;\n  color: rgb(253, 253, 253);\n}\n#text-1575566438 > * {\n  color: rgb(253, 253, 253);\n}\n<\/style>\n\t<\/div>\n\t\n<a href=\"#moduli\" target=\"_self\" class=\"button secondary\"  >\n  <i class=\"icon-play\" ><\/i>  <span>Anfrageformulare<\/span>\n  <\/a>\n\n\n<a href=\"https:\/\/www.metalgennari.it\/de\/anfragen\/\" target=\"_self\" class=\"button primary\"  >\n  <i class=\"icon-user\" ><\/i>  <span>Ihre Anfragen<\/span>\n  <\/a>\n\n\n\n\t\t<\/div>\n\t\t\t\t\t<\/div>\n\n\t\n\n\n<style>\n#row-2025101702 > .col > .col-inner {\n  padding: 70px 0px 0px 0px;\n}\n<\/style>\n<\/div>\n<span class=\"scroll-to\" data-label=\"Scroll to: #moduli\" data-bullet=\"false\" data-link=\"#moduli\" data-title=\"moduli\"><a name=\"moduli\"><\/a><\/span>\n\n\n\t\t<\/div>\n\n\t\t\n<style>\n#section_137597020 {\n  padding-top: 0px;\n  padding-bottom: 0px;\n}\n#section_137597020 .section-bg.bg-loaded {\n  background-image: url(https:\/\/www.metalgennari.it\/wp-content\/uploads\/2021\/09\/metal-gennari-scarica-nostri-cataloghi-moduli.jpg);\n}\n<\/style>\n\t<\/section>\n\t\n\t<div id=\"gap-1447126379\" class=\"gap-element clearfix\" style=\"display:block; height:auto;\">\n\t\t\n<style>\n#gap-1447126379 {\n  padding-top: 50px;\n}\n<\/style>\n\t<\/div>\n\t\n\n<div class=\"row\"  id=\"row-246165698\">\n\n\n\t<div id=\"col-968776013\" class=\"col small-12 large-12\"  >\n\t\t\t\t<div class=\"col-inner\"  >\n\t\t\t\n\t\t\t\n\n<div class=\"row row-collapse\"  id=\"row-810750751\">\n\n\n\t<div id=\"col-21323451\" class=\"col small-12 large-12\"  >\n\t\t\t\t<div class=\"col-inner\"  >\n\t\t\t\n\t\t\t\n\n\t<div id=\"text-4107474190\" class=\"text\">\n\t\t\n\n<h3>Wie man eine Anfrage sendet<\/h3>\n\t\t\n<style>\n#text-4107474190 {\n  font-size: 1.75rem;\n  line-height: 1;\n}\n@media (min-width:550px) {\n  #text-4107474190 {\n    font-size: 2.25rem;\n    line-height: 0.75;\n  }\n}\n<\/style>\n\t<\/div>\n\t\n\n\t\t<\/div>\n\t\t\t\t\t<\/div>\n\n\t\n\n<\/div>\n<div class=\"row row-collapse align-equal\"  id=\"row-765373318\">\n\n\n\t<div id=\"col-1955849542\" class=\"col medium-4 small-12 large-4\"  >\n\t\t\t\t<div class=\"col-inner text-center dark\" style=\"background-color:rgb(250, 202, 48);\" >\n\t\t\t\n\t\t\t\n\n\t<div id=\"text-818533244\" class=\"text\">\n\t\t\n\n<h3>1<\/h3>\n\t\t\n<style>\n#text-818533244 {\n  font-size: 1.75rem;\n  line-height: 1;\n  color: rgb(0,0,0);\n}\n#text-818533244 > * {\n  color: rgb(0,0,0);\n}\n@media (min-width:550px) {\n  #text-818533244 {\n    font-size: 1.25rem;\n  }\n}\n@media (min-width:850px) {\n  #text-818533244 {\n    font-size: 1.5rem;\n    line-height: 0.75;\n  }\n}\n<\/style>\n\t<\/div>\n\t\n\t<div id=\"text-2153365062\" class=\"text\">\n\t\t\n\n<h3>Produkt<br>ausw\u00e4hlen<\/h3>\n\t\t\n<style>\n#text-2153365062 {\n  font-size: 1.75rem;\n  line-height: 1;\n}\n@media (min-width:550px) {\n  #text-2153365062 {\n    font-size: 1.25rem;\n  }\n}\n@media (min-width:850px) {\n  #text-2153365062 {\n    font-size: 1.5rem;\n    line-height: 0.75;\n  }\n}\n<\/style>\n\t<\/div>\n\t\n\n\t\t<\/div>\n\t\t\t\t\n<style>\n#col-1955849542 > .col-inner {\n  padding: 15% 10% 10% 10%;\n}\n<\/style>\n\t<\/div>\n\n\t\n\n\t<div id=\"col-220785149\" class=\"col medium-4 small-12 large-4\"  >\n\t\t\t\t<div class=\"col-inner text-center dark\" style=\"background-color:rgb(227, 185, 48);\" >\n\t\t\t\n\t\t\t\n\n\t<div id=\"text-3207315906\" class=\"text\">\n\t\t\n\n<h3>2<\/h3>\n\t\t\n<style>\n#text-3207315906 {\n  font-size: 1.75rem;\n  line-height: 1;\n  color: rgb(0,0,0);\n}\n#text-3207315906 > * {\n  color: rgb(0,0,0);\n}\n@media (min-width:550px) {\n  #text-3207315906 {\n    font-size: 1.25rem;\n  }\n}\n@media (min-width:850px) {\n  #text-3207315906 {\n    font-size: 1.5rem;\n    line-height: 0.75;\n  }\n}\n<\/style>\n\t<\/div>\n\t\n\t<div id=\"text-3106229874\" class=\"text\">\n\t\t\n\n<h3>Bitte f\u00fcllen Sie <br>die erforderlichen Felder aus<\/h3>\n\t\t\n<style>\n#text-3106229874 {\n  font-size: 1.75rem;\n  line-height: 0.75;\n}\n@media (min-width:550px) {\n  #text-3106229874 {\n    font-size: 1.25rem;\n  }\n}\n@media (min-width:850px) {\n  #text-3106229874 {\n    font-size: 1.5rem;\n  }\n}\n<\/style>\n\t<\/div>\n\t\n\n\t\t<\/div>\n\t\t\t\t\n<style>\n#col-220785149 > .col-inner {\n  padding: 15% 10% 10% 10%;\n}\n<\/style>\n\t<\/div>\n\n\t\n\n\t<div id=\"col-817589200\" class=\"col medium-4 small-12 large-4\"  >\n\t\t\t\t<div class=\"col-inner text-center dark\" style=\"background-color:rgb(204, 162, 26);\" >\n\t\t\t\n\t\t\t\n\n\t<div id=\"text-697262347\" class=\"text\">\n\t\t\n\n<h3>3<\/h3>\n\t\t\n<style>\n#text-697262347 {\n  font-size: 1.75rem;\n  line-height: 1;\n  color: rgb(0,0,0);\n}\n#text-697262347 > * {\n  color: rgb(0,0,0);\n}\n@media (min-width:550px) {\n  #text-697262347 {\n    font-size: 1.25rem;\n  }\n}\n@media (min-width:850px) {\n  #text-697262347 {\n    font-size: 1.5rem;\n    line-height: 0.75;\n  }\n}\n<\/style>\n\t<\/div>\n\t\n\t<div id=\"text-635063772\" class=\"text\">\n\t\t\n\n<h3>Klicken Sie auf<br>\u201eAnfrage speichern\u201c<\/h3>\n\t\t\n<style>\n#text-635063772 {\n  font-size: 1.75rem;\n  line-height: 1.25;\n}\n@media (min-width:550px) {\n  #text-635063772 {\n    font-size: 1.25rem;\n  }\n}\n@media (min-width:850px) {\n  #text-635063772 {\n    font-size: 1.5rem;\n    line-height: 0.75;\n  }\n}\n<\/style>\n\t<\/div>\n\t\n\n\t\t<\/div>\n\t\t\t\t\n<style>\n#col-817589200 > .col-inner {\n  padding: 15% 10% 10% 10%;\n}\n<\/style>\n\t<\/div>\n\n\t\n\n<\/div>\n\n\t\t<\/div>\n\t\t\t\t\t<\/div>\n\n\t\n\n<\/div>\n<div class=\"row\"  id=\"row-10796147\">\n\n\n\t<div id=\"col-1494870849\" class=\"col small-12 large-12\"  >\n\t\t\t\t<div class=\"col-inner\"  >\n\t\t\t\n\t\t\t\n\n<div class=\"row\"  id=\"row-1031132670\">\n\n\n\t<div id=\"col-1172111976\" class=\"col small-12 large-12\"  >\n\t\t\t\t<div class=\"col-inner\"  >\n\t\t\t\n\t\t\t\n\n<p>Nach dem Ausf\u00fcllen einer ersten Angebotsanfrage haben Sie die M\u00f6glichkeit, diese an unser technisches B\u00fcro abzuschicken oder eine neue Anfrage f\u00fcr ein anderes Produkt zu stellen, indem Sie auf die Schaltfl\u00e4che \u201eZu meinen Angebotsanfragen\u201c klicken.<\/p>\n\n\t\t<\/div>\n\t\t\t\t\t<\/div>\n\n\t\n\n<\/div>\n\n  \n    <div class=\"row  equalize-box large-columns-3 medium-columns- small-columns-2 row-normal\">\n  \t\n\t     \n\t\t\t\t\t\t            \t\n\t            \t<div class=\"col\" >\n\t\t\t\t\t\t<div class=\"col-inner\">\n\t\t\t\t\t\t\n<div class=\"badge-container absolute left top z-1\">\n<\/div>\n\t\t\t\t\t\t<div class=\"product-small box has-hover box-normal box-text-bottom\">\n\t\t\t\t\t\t\t<div class=\"box-image\" >\n\t\t\t\t\t\t\t\t<div class=\"\" >\n\t\t\t\t\t\t\t\t\t<a href=\"https:\/\/www.metalgennari.it\/de\/prodotto\/chip-conveyors\/\" aria-label=\"Chip conveyors\">\n\t\t\t\t\t\t\t\t\t\t<img loading=\"lazy\" decoding=\"async\" width=\"300\" height=\"300\" src=\"https:\/\/www.metalgennari.it\/wp-content\/uploads\/2022\/03\/metalgennari-trasportatori-300x300.jpg\" class=\"attachment-woocommerce_thumbnail size-woocommerce_thumbnail\" alt=\"metalgennari trasportatori\" srcset=\"https:\/\/www.metalgennari.it\/wp-content\/uploads\/2022\/03\/metalgennari-trasportatori-300x300.jpg 300w, https:\/\/www.metalgennari.it\/wp-content\/uploads\/2022\/03\/metalgennari-trasportatori-1024x1024.jpg 1024w, https:\/\/www.metalgennari.it\/wp-content\/uploads\/2022\/03\/metalgennari-trasportatori-150x150.jpg 150w, https:\/\/www.metalgennari.it\/wp-content\/uploads\/2022\/03\/metalgennari-trasportatori-768x768.jpg 768w, https:\/\/www.metalgennari.it\/wp-content\/uploads\/2022\/03\/metalgennari-trasportatori-600x600.jpg 600w, https:\/\/www.metalgennari.it\/wp-content\/uploads\/2022\/03\/metalgennari-trasportatori-100x100.jpg 100w, https:\/\/www.metalgennari.it\/wp-content\/uploads\/2022\/03\/metalgennari-trasportatori.jpg 1280w\" sizes=\"auto, (max-width: 300px) 100vw, 300px\" \/>\t\t\t\t\t\t\t\t\t<\/a>\n\t\t\t\t\t\t\t\t\t\t\t\t\t\t\t\t\t\t \t\t\t\t\t\t\t\t<\/div>\n\t\t\t\t\t\t\t\t<div class=\"image-tools top right show-on-hover\">\n\t\t\t\t\t\t\t\t\t\t\t\t\t\t\t\t\t<\/div>\n\t\t\t\t\t\t\t\t\t\t\t\t\t\t\t\t\t<div class=\"image-tools grid-tools text-center hide-for-small bottom hover-slide-in show-on-hover\">\n\t\t\t\t\t\t\t\t\t\t\t\t\t\t\t\t\t\t\t<\/div>\n\t\t\t\t\t\t\t\t\t\t\t\t\t\t\t\t\t\t\t\t\t\t\t<\/div>\n\n\t\t\t\t\t\t\t<div class=\"box-text text-center\" >\n\t\t\t\t\t\t\t\t<div class=\"title-wrapper\"><\/div><div class=\"price-wrapper\"><\/div>\t\t\t\t\t\t\t<\/div>\n\t\t\t\t\t\t<\/div>\n\t\t\t\t\t\t<\/div>\n\t\t\t\t\t<\/div>\n\t\t\t\t\t\t            \n\t\t\t\t\t\t            \t\n\t            \t<div class=\"col\" >\n\t\t\t\t\t\t<div class=\"col-inner\">\n\t\t\t\t\t\t\n<div class=\"badge-container absolute left top z-1\">\n<\/div>\n\t\t\t\t\t\t<div class=\"product-small box has-hover box-normal box-text-bottom\">\n\t\t\t\t\t\t\t<div class=\"box-image\" >\n\t\t\t\t\t\t\t\t<div class=\"\" >\n\t\t\t\t\t\t\t\t\t<a href=\"https:\/\/www.metalgennari.it\/de\/prodotto\/bellows\/\" aria-label=\"Bellows\">\n\t\t\t\t\t\t\t\t\t\t<img loading=\"lazy\" decoding=\"async\" width=\"300\" height=\"300\" src=\"https:\/\/www.metalgennari.it\/wp-content\/uploads\/2022\/03\/metalgennari-soffietti-lineari-300x300.jpg\" class=\"attachment-woocommerce_thumbnail size-woocommerce_thumbnail\" alt=\"metalgennari soffietti lineari\" srcset=\"https:\/\/www.metalgennari.it\/wp-content\/uploads\/2022\/03\/metalgennari-soffietti-lineari-300x300.jpg 300w, https:\/\/www.metalgennari.it\/wp-content\/uploads\/2022\/03\/metalgennari-soffietti-lineari-1024x1024.jpg 1024w, https:\/\/www.metalgennari.it\/wp-content\/uploads\/2022\/03\/metalgennari-soffietti-lineari-150x150.jpg 150w, https:\/\/www.metalgennari.it\/wp-content\/uploads\/2022\/03\/metalgennari-soffietti-lineari-768x768.jpg 768w, https:\/\/www.metalgennari.it\/wp-content\/uploads\/2022\/03\/metalgennari-soffietti-lineari-600x600.jpg 600w, https:\/\/www.metalgennari.it\/wp-content\/uploads\/2022\/03\/metalgennari-soffietti-lineari-100x100.jpg 100w, https:\/\/www.metalgennari.it\/wp-content\/uploads\/2022\/03\/metalgennari-soffietti-lineari.jpg 1280w\" sizes=\"auto, (max-width: 300px) 100vw, 300px\" \/>\t\t\t\t\t\t\t\t\t<\/a>\n\t\t\t\t\t\t\t\t\t\t\t\t\t\t\t\t\t\t \t\t\t\t\t\t\t\t<\/div>\n\t\t\t\t\t\t\t\t<div class=\"image-tools top right show-on-hover\">\n\t\t\t\t\t\t\t\t\t\t\t\t\t\t\t\t\t<\/div>\n\t\t\t\t\t\t\t\t\t\t\t\t\t\t\t\t\t<div class=\"image-tools grid-tools text-center hide-for-small bottom hover-slide-in show-on-hover\">\n\t\t\t\t\t\t\t\t\t\t\t\t\t\t\t\t\t\t\t<\/div>\n\t\t\t\t\t\t\t\t\t\t\t\t\t\t\t\t\t\t\t\t\t\t\t<\/div>\n\n\t\t\t\t\t\t\t<div class=\"box-text text-center\" >\n\t\t\t\t\t\t\t\t<div class=\"title-wrapper\"><\/div><div class=\"price-wrapper\"><\/div>\t\t\t\t\t\t\t<\/div>\n\t\t\t\t\t\t<\/div>\n\t\t\t\t\t\t<\/div>\n\t\t\t\t\t<\/div>\n\t\t\t\t\t\t            \n\t\t\t\t\t\t            \t\n\t            \t<div class=\"col\" >\n\t\t\t\t\t\t<div class=\"col-inner\">\n\t\t\t\t\t\t\n<div class=\"badge-container absolute left top z-1\">\n<\/div>\n\t\t\t\t\t\t<div class=\"product-small box has-hover box-normal box-text-bottom\">\n\t\t\t\t\t\t\t<div class=\"box-image\" >\n\t\t\t\t\t\t\t\t<div class=\"\" >\n\t\t\t\t\t\t\t\t\t<a href=\"https:\/\/www.metalgennari.it\/de\/prodotto\/circular-bellows\/\" aria-label=\"Circular bellows\">\n\t\t\t\t\t\t\t\t\t\t<img loading=\"lazy\" decoding=\"async\" width=\"300\" height=\"300\" src=\"https:\/\/www.metalgennari.it\/wp-content\/uploads\/2022\/03\/metalgennari-soffietti-cicolari-300x300.jpg\" class=\"attachment-woocommerce_thumbnail size-woocommerce_thumbnail\" alt=\"metalgennari soffietti cicolari\" srcset=\"https:\/\/www.metalgennari.it\/wp-content\/uploads\/2022\/03\/metalgennari-soffietti-cicolari-300x300.jpg 300w, https:\/\/www.metalgennari.it\/wp-content\/uploads\/2022\/03\/metalgennari-soffietti-cicolari-1024x1024.jpg 1024w, https:\/\/www.metalgennari.it\/wp-content\/uploads\/2022\/03\/metalgennari-soffietti-cicolari-150x150.jpg 150w, https:\/\/www.metalgennari.it\/wp-content\/uploads\/2022\/03\/metalgennari-soffietti-cicolari-768x768.jpg 768w, https:\/\/www.metalgennari.it\/wp-content\/uploads\/2022\/03\/metalgennari-soffietti-cicolari-600x600.jpg 600w, https:\/\/www.metalgennari.it\/wp-content\/uploads\/2022\/03\/metalgennari-soffietti-cicolari-100x100.jpg 100w, https:\/\/www.metalgennari.it\/wp-content\/uploads\/2022\/03\/metalgennari-soffietti-cicolari.jpg 1280w\" sizes=\"auto, (max-width: 300px) 100vw, 300px\" \/>\t\t\t\t\t\t\t\t\t<\/a>\n\t\t\t\t\t\t\t\t\t\t\t\t\t\t\t\t\t\t \t\t\t\t\t\t\t\t<\/div>\n\t\t\t\t\t\t\t\t<div class=\"image-tools top right show-on-hover\">\n\t\t\t\t\t\t\t\t\t\t\t\t\t\t\t\t\t<\/div>\n\t\t\t\t\t\t\t\t\t\t\t\t\t\t\t\t\t<div class=\"image-tools grid-tools text-center hide-for-small bottom hover-slide-in show-on-hover\">\n\t\t\t\t\t\t\t\t\t\t\t\t\t\t\t\t\t\t\t<\/div>\n\t\t\t\t\t\t\t\t\t\t\t\t\t\t\t\t\t\t\t\t\t\t\t<\/div>\n\n\t\t\t\t\t\t\t<div class=\"box-text text-center\" >\n\t\t\t\t\t\t\t\t<div class=\"title-wrapper\"><\/div><div class=\"price-wrapper\"><\/div>\t\t\t\t\t\t\t<\/div>\n\t\t\t\t\t\t<\/div>\n\t\t\t\t\t\t<\/div>\n\t\t\t\t\t<\/div>\n\t\t\t\t\t\t            \n\t\t\t\t\t\t            \t\n\t            \t<div class=\"col\" >\n\t\t\t\t\t\t<div class=\"col-inner\">\n\t\t\t\t\t\t\n<div class=\"badge-container absolute left top z-1\">\n<\/div>\n\t\t\t\t\t\t<div class=\"product-small box has-hover box-normal box-text-bottom\">\n\t\t\t\t\t\t\t<div class=\"box-image\" >\n\t\t\t\t\t\t\t\t<div class=\"\" >\n\t\t\t\t\t\t\t\t\t<a href=\"https:\/\/www.metalgennari.it\/de\/prodotto\/roll-up-covers\/\" aria-label=\"Roll-Up covers\">\n\t\t\t\t\t\t\t\t\t\t<img loading=\"lazy\" decoding=\"async\" width=\"300\" height=\"300\" src=\"https:\/\/www.metalgennari.it\/wp-content\/uploads\/2022\/03\/metalgennari-protezioni-avvolgibili-300x300.jpg\" class=\"attachment-woocommerce_thumbnail size-woocommerce_thumbnail\" alt=\"metalgennari protezioni avvolgibili\" srcset=\"https:\/\/www.metalgennari.it\/wp-content\/uploads\/2022\/03\/metalgennari-protezioni-avvolgibili-300x300.jpg 300w, https:\/\/www.metalgennari.it\/wp-content\/uploads\/2022\/03\/metalgennari-protezioni-avvolgibili-1024x1024.jpg 1024w, https:\/\/www.metalgennari.it\/wp-content\/uploads\/2022\/03\/metalgennari-protezioni-avvolgibili-150x150.jpg 150w, https:\/\/www.metalgennari.it\/wp-content\/uploads\/2022\/03\/metalgennari-protezioni-avvolgibili-768x768.jpg 768w, https:\/\/www.metalgennari.it\/wp-content\/uploads\/2022\/03\/metalgennari-protezioni-avvolgibili-600x600.jpg 600w, https:\/\/www.metalgennari.it\/wp-content\/uploads\/2022\/03\/metalgennari-protezioni-avvolgibili-100x100.jpg 100w, https:\/\/www.metalgennari.it\/wp-content\/uploads\/2022\/03\/metalgennari-protezioni-avvolgibili.jpg 1280w\" sizes=\"auto, (max-width: 300px) 100vw, 300px\" \/>\t\t\t\t\t\t\t\t\t<\/a>\n\t\t\t\t\t\t\t\t\t\t\t\t\t\t\t\t\t\t \t\t\t\t\t\t\t\t<\/div>\n\t\t\t\t\t\t\t\t<div class=\"image-tools top right show-on-hover\">\n\t\t\t\t\t\t\t\t\t\t\t\t\t\t\t\t\t<\/div>\n\t\t\t\t\t\t\t\t\t\t\t\t\t\t\t\t\t<div class=\"image-tools grid-tools text-center hide-for-small bottom hover-slide-in show-on-hover\">\n\t\t\t\t\t\t\t\t\t\t\t\t\t\t\t\t\t\t\t<\/div>\n\t\t\t\t\t\t\t\t\t\t\t\t\t\t\t\t\t\t\t\t\t\t\t<\/div>\n\n\t\t\t\t\t\t\t<div class=\"box-text text-center\" >\n\t\t\t\t\t\t\t\t<div class=\"title-wrapper\"><\/div><div class=\"price-wrapper\"><\/div>\t\t\t\t\t\t\t<\/div>\n\t\t\t\t\t\t<\/div>\n\t\t\t\t\t\t<\/div>\n\t\t\t\t\t<\/div>\n\t\t\t\t\t\t            \n\t\t\t\t\t\t            \t\n\t            \t<div class=\"col\" >\n\t\t\t\t\t\t<div class=\"col-inner\">\n\t\t\t\t\t\t\n<div class=\"badge-container absolute left top z-1\">\n<\/div>\n\t\t\t\t\t\t<div class=\"product-small box has-hover box-normal box-text-bottom\">\n\t\t\t\t\t\t\t<div class=\"box-image\" >\n\t\t\t\t\t\t\t\t<div class=\"\" >\n\t\t\t\t\t\t\t\t\t<a href=\"https:\/\/www.metalgennari.it\/de\/prodotto\/spiral-springs-covers\/\" aria-label=\"Spiral springs covers\">\n\t\t\t\t\t\t\t\t\t\t<img loading=\"lazy\" decoding=\"async\" width=\"300\" height=\"300\" src=\"https:\/\/www.metalgennari.it\/wp-content\/uploads\/2022\/03\/metalgennari-molle-a-bovolo-300x300.jpg\" class=\"attachment-woocommerce_thumbnail size-woocommerce_thumbnail\" alt=\"metalgennari molle a bovolo\" srcset=\"https:\/\/www.metalgennari.it\/wp-content\/uploads\/2022\/03\/metalgennari-molle-a-bovolo-300x300.jpg 300w, https:\/\/www.metalgennari.it\/wp-content\/uploads\/2022\/03\/metalgennari-molle-a-bovolo-1024x1024.jpg 1024w, https:\/\/www.metalgennari.it\/wp-content\/uploads\/2022\/03\/metalgennari-molle-a-bovolo-150x150.jpg 150w, https:\/\/www.metalgennari.it\/wp-content\/uploads\/2022\/03\/metalgennari-molle-a-bovolo-768x768.jpg 768w, https:\/\/www.metalgennari.it\/wp-content\/uploads\/2022\/03\/metalgennari-molle-a-bovolo-600x600.jpg 600w, https:\/\/www.metalgennari.it\/wp-content\/uploads\/2022\/03\/metalgennari-molle-a-bovolo-100x100.jpg 100w, https:\/\/www.metalgennari.it\/wp-content\/uploads\/2022\/03\/metalgennari-molle-a-bovolo.jpg 1280w\" sizes=\"auto, (max-width: 300px) 100vw, 300px\" \/>\t\t\t\t\t\t\t\t\t<\/a>\n\t\t\t\t\t\t\t\t\t\t\t\t\t\t\t\t\t\t \t\t\t\t\t\t\t\t<\/div>\n\t\t\t\t\t\t\t\t<div class=\"image-tools top right show-on-hover\">\n\t\t\t\t\t\t\t\t\t\t\t\t\t\t\t\t\t<\/div>\n\t\t\t\t\t\t\t\t\t\t\t\t\t\t\t\t\t<div class=\"image-tools grid-tools text-center hide-for-small bottom hover-slide-in show-on-hover\">\n\t\t\t\t\t\t\t\t\t\t\t\t\t\t\t\t\t\t\t<\/div>\n\t\t\t\t\t\t\t\t\t\t\t\t\t\t\t\t\t\t\t\t\t\t\t<\/div>\n\n\t\t\t\t\t\t\t<div class=\"box-text text-center\" >\n\t\t\t\t\t\t\t\t<div class=\"title-wrapper\"><\/div><div class=\"price-wrapper\"><\/div>\t\t\t\t\t\t\t<\/div>\n\t\t\t\t\t\t<\/div>\n\t\t\t\t\t\t<\/div>\n\t\t\t\t\t<\/div>\n\t\t\t\t\t\t            \n\t\t\t\t\t\t            \t\n\t            \t<div class=\"col\" >\n\t\t\t\t\t\t<div class=\"col-inner\">\n\t\t\t\t\t\t\n<div class=\"badge-container absolute left top z-1\">\n<\/div>\n\t\t\t\t\t\t<div class=\"product-small box has-hover box-normal box-text-bottom\">\n\t\t\t\t\t\t\t<div class=\"box-image\" >\n\t\t\t\t\t\t\t\t<div class=\"\" >\n\t\t\t\t\t\t\t\t\t<a href=\"https:\/\/www.metalgennari.it\/de\/prodotto\/telescopic-covers\/\" aria-label=\"Telescopic covers\">\n\t\t\t\t\t\t\t\t\t\t<img loading=\"lazy\" decoding=\"async\" width=\"300\" height=\"300\" src=\"https:\/\/www.metalgennari.it\/wp-content\/uploads\/2022\/03\/metalgennari-coperture-telescopiche-300x300.jpg\" class=\"attachment-woocommerce_thumbnail size-woocommerce_thumbnail\" alt=\"metalgennari coperture telescopiche\" srcset=\"https:\/\/www.metalgennari.it\/wp-content\/uploads\/2022\/03\/metalgennari-coperture-telescopiche-300x300.jpg 300w, https:\/\/www.metalgennari.it\/wp-content\/uploads\/2022\/03\/metalgennari-coperture-telescopiche-1024x1024.jpg 1024w, https:\/\/www.metalgennari.it\/wp-content\/uploads\/2022\/03\/metalgennari-coperture-telescopiche-150x150.jpg 150w, https:\/\/www.metalgennari.it\/wp-content\/uploads\/2022\/03\/metalgennari-coperture-telescopiche-768x768.jpg 768w, https:\/\/www.metalgennari.it\/wp-content\/uploads\/2022\/03\/metalgennari-coperture-telescopiche-600x600.jpg 600w, https:\/\/www.metalgennari.it\/wp-content\/uploads\/2022\/03\/metalgennari-coperture-telescopiche-100x100.jpg 100w, https:\/\/www.metalgennari.it\/wp-content\/uploads\/2022\/03\/metalgennari-coperture-telescopiche.jpg 1280w\" sizes=\"auto, (max-width: 300px) 100vw, 300px\" \/>\t\t\t\t\t\t\t\t\t<\/a>\n\t\t\t\t\t\t\t\t\t\t\t\t\t\t\t\t\t\t \t\t\t\t\t\t\t\t<\/div>\n\t\t\t\t\t\t\t\t<div class=\"image-tools top right show-on-hover\">\n\t\t\t\t\t\t\t\t\t\t\t\t\t\t\t\t\t<\/div>\n\t\t\t\t\t\t\t\t\t\t\t\t\t\t\t\t\t<div class=\"image-tools grid-tools text-center hide-for-small bottom hover-slide-in show-on-hover\">\n\t\t\t\t\t\t\t\t\t\t\t\t\t\t\t\t\t\t\t<\/div>\n\t\t\t\t\t\t\t\t\t\t\t\t\t\t\t\t\t\t\t\t\t\t\t<\/div>\n\n\t\t\t\t\t\t\t<div class=\"box-text text-center\" >\n\t\t\t\t\t\t\t\t<div class=\"title-wrapper\"><\/div><div class=\"price-wrapper\"><\/div>\t\t\t\t\t\t\t<\/div>\n\t\t\t\t\t\t<\/div>\n\t\t\t\t\t\t<\/div>\n\t\t\t\t\t<\/div>\n\t\t\t\t\t\t            \n\t\t\t\t\t\t            \t\n\t            \t<div class=\"col\" >\n\t\t\t\t\t\t<div class=\"col-inner\">\n\t\t\t\t\t\t\n<div class=\"badge-container absolute left top z-1\">\n<\/div>\n\t\t\t\t\t\t<div class=\"product-small box has-hover box-normal box-text-bottom\">\n\t\t\t\t\t\t\t<div class=\"box-image\" >\n\t\t\t\t\t\t\t\t<div class=\"\" >\n\t\t\t\t\t\t\t\t\t<a href=\"https:\/\/www.metalgennari.it\/de\/prodotto\/apron-covers\/\" aria-label=\"Apron covers\">\n\t\t\t\t\t\t\t\t\t\t<img loading=\"lazy\" decoding=\"async\" width=\"300\" height=\"300\" src=\"https:\/\/www.metalgennari.it\/wp-content\/uploads\/2022\/03\/metalgennari-protezione-tapparella-300x300.jpg\" class=\"attachment-woocommerce_thumbnail size-woocommerce_thumbnail\" alt=\"metalgennari protezione tapparella\" srcset=\"https:\/\/www.metalgennari.it\/wp-content\/uploads\/2022\/03\/metalgennari-protezione-tapparella-300x300.jpg 300w, https:\/\/www.metalgennari.it\/wp-content\/uploads\/2022\/03\/metalgennari-protezione-tapparella-1024x1024.jpg 1024w, https:\/\/www.metalgennari.it\/wp-content\/uploads\/2022\/03\/metalgennari-protezione-tapparella-150x150.jpg 150w, https:\/\/www.metalgennari.it\/wp-content\/uploads\/2022\/03\/metalgennari-protezione-tapparella-768x768.jpg 768w, https:\/\/www.metalgennari.it\/wp-content\/uploads\/2022\/03\/metalgennari-protezione-tapparella-600x600.jpg 600w, https:\/\/www.metalgennari.it\/wp-content\/uploads\/2022\/03\/metalgennari-protezione-tapparella-100x100.jpg 100w, https:\/\/www.metalgennari.it\/wp-content\/uploads\/2022\/03\/metalgennari-protezione-tapparella.jpg 1280w\" sizes=\"auto, (max-width: 300px) 100vw, 300px\" \/>\t\t\t\t\t\t\t\t\t<\/a>\n\t\t\t\t\t\t\t\t\t\t\t\t\t\t\t\t\t\t \t\t\t\t\t\t\t\t<\/div>\n\t\t\t\t\t\t\t\t<div class=\"image-tools top right show-on-hover\">\n\t\t\t\t\t\t\t\t\t\t\t\t\t\t\t\t\t<\/div>\n\t\t\t\t\t\t\t\t\t\t\t\t\t\t\t\t\t<div class=\"image-tools grid-tools text-center hide-for-small bottom hover-slide-in show-on-hover\">\n\t\t\t\t\t\t\t\t\t\t\t\t\t\t\t\t\t\t\t<\/div>\n\t\t\t\t\t\t\t\t\t\t\t\t\t\t\t\t\t\t\t\t\t\t\t<\/div>\n\n\t\t\t\t\t\t\t<div class=\"box-text text-center\" >\n\t\t\t\t\t\t\t\t<div class=\"title-wrapper\"><\/div><div class=\"price-wrapper\"><\/div>\t\t\t\t\t\t\t<\/div>\n\t\t\t\t\t\t<\/div>\n\t\t\t\t\t\t<\/div>\n\t\t\t\t\t<\/div>\n\t\t\t\t\t\t            \t        <\/div>\n\n\n\t\t<\/div>\n\t\t\t\t\t<\/div>\n\n\t\n\n<\/div>\n\n","protected":false},"excerpt":{"rendered":"","protected":false},"author":2,"featured_media":0,"parent":0,"menu_order":0,"comment_status":"closed","ping_status":"closed","template":"","meta":{"inline_featured_image":false,"footnotes":""},"class_list":["post-2323","page","type-page","status-publish","hentry"],"_links":{"self":[{"href":"https:\/\/www.metalgennari.it\/de\/wp-json\/wp\/v2\/pages\/2323","targetHints":{"allow":["GET"]}}],"collection":[{"href":"https:\/\/www.metalgennari.it\/de\/wp-json\/wp\/v2\/pages"}],"about":[{"href":"https:\/\/www.metalgennari.it\/de\/wp-json\/wp\/v2\/types\/page"}],"author":[{"embeddable":true,"href":"https:\/\/www.metalgennari.it\/de\/wp-json\/wp\/v2\/users\/2"}],"replies":[{"embeddable":true,"href":"https:\/\/www.metalgennari.it\/de\/wp-json\/wp\/v2\/comments?post=2323"}],"version-history":[{"count":0,"href":"https:\/\/www.metalgennari.it\/de\/wp-json\/wp\/v2\/pages\/2323\/revisions"}],"wp:attachment":[{"href":"https:\/\/www.metalgennari.it\/de\/wp-json\/wp\/v2\/media?parent=2323"}],"curies":[{"name":"wp","href":"https:\/\/api.w.org\/{rel}","templated":true}]}}